{"id":59,"date":"2021-09-01T10:50:43","date_gmt":"2021-09-01T08:50:43","guid":{"rendered":"https:\/\/www.batiment-formations.fr\/08\/?page_id=59"},"modified":"2023-10-06T10:31:38","modified_gmt":"2023-10-06T08:31:38","slug":"actualites","status":"publish","type":"page","link":"https:\/\/www.batiment-formations.fr\/08\/actualites\/","title":{"rendered":"Vous trouverez ci-apr\u00e8s le calendrier des prochaines formations \u00e0 la s\u00e9curit\u00e9 qui auront lieu au BTP CFA de Poix-Terron\u00a0:"},"content":{"rendered":"\n<p class=\"has-medium-font-size\"><strong>AIPR Concepteur, encadrant, op\u00e9rateur<\/strong><strong><\/strong><\/p>\n\n\n\n<p>F&nbsp;Le lundi 16 octobre 2023<\/p>\n\n\n\n<p>F&nbsp;Le lundi 13 novembre 2023<\/p>\n\n\n\n<p>F&nbsp;Le lundi 11 d\u00e9cembre 2023<\/p>\n\n\n\n<p>F&nbsp;Le lundi 8 janvier 2024<\/p>\n\n\n\n<p class=\"has-medium-font-size\"><strong>HABILITATION ELECTRIQUE B0V-H0V<\/strong><strong><\/strong><\/p>\n\n\n\n<p>F&nbsp;Le lundi 20 novembre 2023<\/p>\n\n\n\n<p class=\"has-medium-font-size\"><strong>HABILITATION ELECTRIQUE BS-BE Manoeuvre<\/strong><strong><\/strong><\/p>\n\n\n\n<p>F&nbsp;Du lundi 20 novembre au mardi 21 novembre 2023<\/p>\n\n\n\n<p class=\"has-medium-font-size\"><strong>MAC SST (Maintien et actualisation des connaissances)<\/strong><strong><\/strong><\/p>\n\n\n\n<p>F&nbsp;Le jeudi 26 octobre 2023<\/p>\n\n\n\n<p>F&nbsp;Le jeudi 23 novembre 2023<\/p>\n\n\n\n<p>F&nbsp;Le mercredi 20 d\u00e9cembre 2023<\/p>\n\n\n\n<p class=\"has-medium-font-size\"><strong>SST \u2013 Formation initiale<\/strong><strong><\/strong><\/p>\n\n\n\n<p>F&nbsp;Du lundi 23 au mardi 24 octobre 2023<\/p>\n\n\n\n<p>F&nbsp;Du lundi 27 au mardi 28 novembre 2023<\/p>\n\n\n\n<p>F&nbsp;Du lundi 4 au mardi 5 d\u00e9cembre 2023<\/p>\n\n\n\n<p class=\"has-medium-font-size\"><strong>Inscription et renseignements<\/strong>&nbsp;aupr\u00e8s de Madame Emmanuelle SAVOYEN&nbsp;:<\/p>\n\n\n\n<p>Par t\u00e9l\u00e9phone au 06.33.57.59.77<\/p>\n\n\n\n<p>Par mail \u00e0&nbsp;<a href=\"mailto:emmanuelle.savoyen@btpcfa-grandest.fr\" target=\"_blank\" rel=\"noreferrer noopener\">emmanuelle.savoyen@btpcfa-grandest.fr<\/a><\/p>\n\n\n\n<p>Restant \u00e0 votre disposition pour tous renseignements compl\u00e9mentaires,<\/p>\n\n\n\n<p>Cordialement.<\/p>\n\n\n\n<figure class=\"wp-block-table\"><table><tbody><tr><td><img loading=\"lazy\" decoding=\"async\" src=\"blob:https:\/\/www.batiment-formations.fr\/3cee471c-b10c-40e4-9ced-0bcfe0ce29d2\" width=\"110\" height=\"110\" alt=\"Logo\"><a href=\"https:\/\/btpcfa-grandest.fr\/cfa-btp-ardennes-poix-terron-charleville-meziere-sedan\/\" target=\"_blank\" rel=\"noreferrer noopener\"><\/a><\/td><td><\/td><td><\/td><td><strong>Emmanuelle SAVOYEN<br><\/strong>Conseill\u00e8re en formation<br>BTP CFA Ardennes<br>134 Grande Rue &#8211; 08430 Poix-Terron<a href=\"mailto:emmanuelle.savoyen@btpcfa-grandest.fr\" target=\"_blank\" rel=\"noreferrer noopener\">emmanuelle.savoyen@btpcfa-grandest.fr<\/a><br>03 24 37 36 35&nbsp;&#8211; 06 33 57 59 77<\/td><td><\/td><\/tr><\/tbody><\/table><\/figure>\n\n\n\n\n\n<h5 class=\"wp-block-heading\">Droit \u00e0 la d\u00e9connexion :<br>Si vous recevez ce mail en dehors de vos heures de travail ou pendant vos cong\u00e9s, vous n\u2019avez pas \u00e0 y r\u00e9pondre imm\u00e9diatement, sauf en cas d\u2019urgence exceptionnelle.<\/h5>\n","protected":false},"excerpt":{"rendered":"<p>AIPR Concepteur, encadrant, op\u00e9rateur F&nbsp;Le lundi 16 octobre 2023 F&nbsp;Le lundi 13 novembre 2023 F&nbsp;Le lundi 11 d\u00e9cembre 2023 F&nbsp;Le lundi 8 [&hellip;]<\/p>\n","protected":false},"author":16,"featured_media":0,"parent":0,"menu_order":0,"comment_status":"closed","ping_status":"closed","template":"template-actus.php","meta":{"footnotes":""},"class_list":["post-59","page","type-page","status-publish","hentry"],"yoast_head":"<!-- This site is optimized with the Yoast SEO plugin v27.4 - https:\/\/yoast.com\/product\/yoast-seo-wordpress\/ -->\n<title>Nos actualit\u00e9s | CAPEB Formations Ardennes<\/title>\n<meta name=\"description\" content=\"Retrouvez toutes les actualit\u00e9s de la formation dans le b\u00e2timent dans votre r\u00e9gion avec la CAPEB Ardennes.\" \/>\n<meta name=\"robots\" content=\"index, follow, max-snippet:-1, max-image-preview:large, max-video-preview:-1\" \/>\n<link rel=\"canonical\" href=\"https:\/\/www.batiment-formations.fr\/08\/actualites\/\" \/>\n<meta property=\"og:locale\" content=\"fr_FR\" \/>\n<meta property=\"og:type\" content=\"article\" \/>\n<meta property=\"og:title\" content=\"Vous trouverez ci-apr\u00e8s le calendrier des prochaines formations \u00e0 la s\u00e9curit\u00e9 qui auront lieu au BTP CFA de Poix-Terron\u00a0: - CAPEB Formations Ardennes\" \/>\n<meta property=\"og:description\" content=\"AIPR Concepteur, encadrant, op\u00e9rateur F&nbsp;Le lundi 16 octobre 2023 F&nbsp;Le lundi 13 novembre 2023 F&nbsp;Le lundi 11 d\u00e9cembre 2023 F&nbsp;Le lundi 8 [&hellip;]\" \/>\n<meta property=\"og:url\" content=\"https:\/\/www.batiment-formations.fr\/08\/actualites\/\" \/>\n<meta property=\"og:site_name\" content=\"CAPEB Formations Ardennes\" \/>\n<meta property=\"article:modified_time\" content=\"2023-10-06T08:31:38+00:00\" \/>\n<meta name=\"twitter:card\" content=\"summary_large_image\" \/>\n<meta name=\"twitter:label1\" content=\"Dur\u00e9e de lecture estim\u00e9e\" \/>\n\t<meta name=\"twitter:data1\" content=\"2 minutes\" \/>\n<script type=\"application\/ld+json\" class=\"yoast-schema-graph\">{\"@context\":\"https:\\\/\\\/schema.org\",\"@graph\":[{\"@type\":\"WebPage\",\"@id\":\"https:\\\/\\\/www.batiment-formations.fr\\\/08\\\/actualites\\\/\",\"url\":\"https:\\\/\\\/www.batiment-formations.fr\\\/08\\\/actualites\\\/\",\"name\":\"Vous trouverez ci-apr\u00e8s le calendrier des prochaines formations \u00e0 la s\u00e9curit\u00e9 qui auront lieu au BTP CFA de Poix-Terron\u00a0: - CAPEB Formations Ardennes\",\"isPartOf\":{\"@id\":\"https:\\\/\\\/www.batiment-formations.fr\\\/08\\\/#website\"},\"datePublished\":\"2021-09-01T08:50:43+00:00\",\"dateModified\":\"2023-10-06T08:31:38+00:00\",\"breadcrumb\":{\"@id\":\"https:\\\/\\\/www.batiment-formations.fr\\\/08\\\/actualites\\\/#breadcrumb\"},\"inLanguage\":\"fr-FR\",\"potentialAction\":[{\"@type\":\"ReadAction\",\"target\":[\"https:\\\/\\\/www.batiment-formations.fr\\\/08\\\/actualites\\\/\"]}]},{\"@type\":\"BreadcrumbList\",\"@id\":\"https:\\\/\\\/www.batiment-formations.fr\\\/08\\\/actualites\\\/#breadcrumb\",\"itemListElement\":[{\"@type\":\"ListItem\",\"position\":1,\"name\":\"CAPEB Formations Ardennes\",\"item\":\"https:\\\/\\\/www.batiment-formations.fr\\\/08\\\/\"},{\"@type\":\"ListItem\",\"position\":2,\"name\":\"Vous trouverez ci-apr\u00e8s le calendrier des prochaines formations \u00e0 la s\u00e9curit\u00e9 qui auront lieu au BTP CFA de Poix-Terron\u00a0:\"}]},{\"@type\":\"WebSite\",\"@id\":\"https:\\\/\\\/www.batiment-formations.fr\\\/08\\\/#website\",\"url\":\"https:\\\/\\\/www.batiment-formations.fr\\\/08\\\/\",\"name\":\"CAPEB Formations Ardennes\",\"description\":\"\",\"potentialAction\":[{\"@type\":\"SearchAction\",\"target\":{\"@type\":\"EntryPoint\",\"urlTemplate\":\"https:\\\/\\\/www.batiment-formations.fr\\\/08\\\/?s={search_term_string}\"},\"query-input\":{\"@type\":\"PropertyValueSpecification\",\"valueRequired\":true,\"valueName\":\"search_term_string\"}}],\"inLanguage\":\"fr-FR\"},{\"@type\":\"Organization\",\"@id\":\"https:\\\/\\\/www.batiment-formations.fr\\\/08\\\/#Organization\",\"name\":\"CAPEB Formations Ardennes\",\"address\":{\"@type\":\"PostalAddress\",\"streetAddress\":\"198 rue Ambroise Croizat<br \\\/>\\r\\n\",\"addressLocality\":\"Charleville M\u00e9zi\u00e8res\",\"postalCode\":\"08000\",\"addressCountry\":\"FR\"}}]}<\/script>\n<!-- \/ Yoast SEO plugin. -->","yoast_head_json":{"title":"Nos actualit\u00e9s | CAPEB Formations Ardennes","description":"Retrouvez toutes les actualit\u00e9s de la formation dans le b\u00e2timent dans votre r\u00e9gion avec la CAPEB Ardennes.","robots":{"index":"index","follow":"follow","max-snippet":"max-snippet:-1","max-image-preview":"max-image-preview:large","max-video-preview":"max-video-preview:-1"},"canonical":"https:\/\/www.batiment-formations.fr\/08\/actualites\/","og_locale":"fr_FR","og_type":"article","og_title":"Vous trouverez ci-apr\u00e8s le calendrier des prochaines formations \u00e0 la s\u00e9curit\u00e9 qui auront lieu au BTP CFA de Poix-Terron\u00a0: - CAPEB Formations Ardennes","og_description":"AIPR Concepteur, encadrant, op\u00e9rateur F&nbsp;Le lundi 16 octobre 2023 F&nbsp;Le lundi 13 novembre 2023 F&nbsp;Le lundi 11 d\u00e9cembre 2023 F&nbsp;Le lundi 8 [&hellip;]","og_url":"https:\/\/www.batiment-formations.fr\/08\/actualites\/","og_site_name":"CAPEB Formations Ardennes","article_modified_time":"2023-10-06T08:31:38+00:00","twitter_card":"summary_large_image","twitter_misc":{"Dur\u00e9e de lecture estim\u00e9e":"2 minutes"},"schema":{"@context":"https:\/\/schema.org","@graph":[{"@type":"WebPage","@id":"https:\/\/www.batiment-formations.fr\/08\/actualites\/","url":"https:\/\/www.batiment-formations.fr\/08\/actualites\/","name":"Vous trouverez ci-apr\u00e8s le calendrier des prochaines formations \u00e0 la s\u00e9curit\u00e9 qui auront lieu au BTP CFA de Poix-Terron\u00a0: - CAPEB Formations Ardennes","isPartOf":{"@id":"https:\/\/www.batiment-formations.fr\/08\/#website"},"datePublished":"2021-09-01T08:50:43+00:00","dateModified":"2023-10-06T08:31:38+00:00","breadcrumb":{"@id":"https:\/\/www.batiment-formations.fr\/08\/actualites\/#breadcrumb"},"inLanguage":"fr-FR","potentialAction":[{"@type":"ReadAction","target":["https:\/\/www.batiment-formations.fr\/08\/actualites\/"]}]},{"@type":"BreadcrumbList","@id":"https:\/\/www.batiment-formations.fr\/08\/actualites\/#breadcrumb","itemListElement":[{"@type":"ListItem","position":1,"name":"CAPEB Formations Ardennes","item":"https:\/\/www.batiment-formations.fr\/08\/"},{"@type":"ListItem","position":2,"name":"Vous trouverez ci-apr\u00e8s le calendrier des prochaines formations \u00e0 la s\u00e9curit\u00e9 qui auront lieu au BTP CFA de Poix-Terron\u00a0:"}]},{"@type":"WebSite","@id":"https:\/\/www.batiment-formations.fr\/08\/#website","url":"https:\/\/www.batiment-formations.fr\/08\/","name":"CAPEB Formations Ardennes","description":"","potentialAction":[{"@type":"SearchAction","target":{"@type":"EntryPoint","urlTemplate":"https:\/\/www.batiment-formations.fr\/08\/?s={search_term_string}"},"query-input":{"@type":"PropertyValueSpecification","valueRequired":true,"valueName":"search_term_string"}}],"inLanguage":"fr-FR"},{"@type":"Organization","@id":"https:\/\/www.batiment-formations.fr\/08\/#Organization","name":"CAPEB Formations Ardennes","address":{"@type":"PostalAddress","streetAddress":"198 rue Ambroise Croizat<br \/>\r\n","addressLocality":"Charleville M\u00e9zi\u00e8res","postalCode":"08000","addressCountry":"FR"}}]}},"_links":{"self":[{"href":"https:\/\/www.batiment-formations.fr\/08\/wp-json\/wp\/v2\/pages\/59","targetHints":{"allow":["GET"]}}],"collection":[{"href":"https:\/\/www.batiment-formations.fr\/08\/wp-json\/wp\/v2\/pages"}],"about":[{"href":"https:\/\/www.batiment-formations.fr\/08\/wp-json\/wp\/v2\/types\/page"}],"author":[{"embeddable":true,"href":"https:\/\/www.batiment-formations.fr\/08\/wp-json\/wp\/v2\/users\/16"}],"replies":[{"embeddable":true,"href":"https:\/\/www.batiment-formations.fr\/08\/wp-json\/wp\/v2\/comments?post=59"}],"version-history":[{"count":11,"href":"https:\/\/www.batiment-formations.fr\/08\/wp-json\/wp\/v2\/pages\/59\/revisions"}],"predecessor-version":[{"id":1598,"href":"https:\/\/www.batiment-formations.fr\/08\/wp-json\/wp\/v2\/pages\/59\/revisions\/1598"}],"wp:attachment":[{"href":"https:\/\/www.batiment-formations.fr\/08\/wp-json\/wp\/v2\/media?parent=59"}],"curies":[{"name":"wp","href":"https:\/\/api.w.org\/{rel}","templated":true}]}}