{"id":1516,"date":"2022-06-03T10:39:39","date_gmt":"2022-06-03T08:39:39","guid":{"rendered":"https:\/\/www.batiment-formations.fr\/10\/?page_id=1516"},"modified":"2023-09-20T14:35:06","modified_gmt":"2023-09-20T12:35:06","slug":"infos-pratiques","status":"publish","type":"page","link":"https:\/\/www.batiment-formations.fr\/10\/infos-pratiques\/","title":{"rendered":"Infos pratiques"},"content":{"rendered":"\n<h2 class=\"wp-block-heading\">Les services de la CAPEB &amp; CNATP de l&rsquo;Aube<\/h2>\n\n\n\n<div class=\"wp-block-group alignfull has-text-color has-background is-layout-flow wp-block-group-is-layout-flow\" style=\"color:#000000;background-color:#ffffff\">\n<div class=\"wp-block-group is-layout-constrained wp-block-group-is-layout-constrained\">\n<p>La CAPEB &amp; CNATP de l&rsquo;Aube propose des formations techniques, de s\u00e9curit\u00e9 et de gestion aux artisans du B\u00e2timent et des Travaux Publics. Parall\u00e8lement, en tant qu&rsquo;adh\u00e9rent au syndicat, vous b\u00e9n\u00e9ficiez de nombreux autres services d&rsquo;accompagnement et d&rsquo;opportunit\u00e9s professionnelles.<\/p>\n<\/div>\n<\/div>\n\n\n\n<figure class=\"wp-block-image size-large is-resized\"><img loading=\"lazy\" decoding=\"async\" src=\"https:\/\/www.batiment-formations.fr\/10\/wp-content\/uploads\/2023\/09\/bandeau_services_horizontal-1024x124.png\" alt=\"\" class=\"wp-image-2009\" style=\"width:995px;height:120px\" width=\"995\" height=\"120\" srcset=\"https:\/\/www.batiment-formations.fr\/10\/wp-content\/uploads\/2023\/09\/bandeau_services_horizontal-1024x124.png 1024w, https:\/\/www.batiment-formations.fr\/10\/wp-content\/uploads\/2023\/09\/bandeau_services_horizontal-300x36.png 300w, https:\/\/www.batiment-formations.fr\/10\/wp-content\/uploads\/2023\/09\/bandeau_services_horizontal-768x93.png 768w, https:\/\/www.batiment-formations.fr\/10\/wp-content\/uploads\/2023\/09\/bandeau_services_horizontal-1536x186.png 1536w, https:\/\/www.batiment-formations.fr\/10\/wp-content\/uploads\/2023\/09\/bandeau_services_horizontal-2048x248.png 2048w\" sizes=\"auto, (max-width: 995px) 100vw, 995px\" \/><\/figure>\n\n\n\n<figure class=\"wp-block-image size-large is-resized\"><img loading=\"lazy\" decoding=\"async\" src=\"https:\/\/www.batiment-formations.fr\/10\/wp-content\/uploads\/2023\/09\/services_infographie-724x1024.png\" alt=\"\" class=\"wp-image-2010\" style=\"width:1000px;height:1415px\" width=\"1000\" height=\"1415\" srcset=\"https:\/\/www.batiment-formations.fr\/10\/wp-content\/uploads\/2023\/09\/services_infographie-724x1024.png 724w, https:\/\/www.batiment-formations.fr\/10\/wp-content\/uploads\/2023\/09\/services_infographie-212x300.png 212w, https:\/\/www.batiment-formations.fr\/10\/wp-content\/uploads\/2023\/09\/services_infographie-768x1086.png 768w, https:\/\/www.batiment-formations.fr\/10\/wp-content\/uploads\/2023\/09\/services_infographie-1086x1536.png 1086w, https:\/\/www.batiment-formations.fr\/10\/wp-content\/uploads\/2023\/09\/services_infographie-1448x2048.png 1448w, https:\/\/www.batiment-formations.fr\/10\/wp-content\/uploads\/2023\/09\/services_infographie.png 1787w\" sizes=\"auto, (max-width: 1000px) 100vw, 1000px\" \/><\/figure>\n","protected":false},"excerpt":{"rendered":"<p>Les services de la CAPEB &amp; CNATP de l&rsquo;Aube La CAPEB &amp; CNATP de l&rsquo;Aube propose des formations techniques, de s\u00e9curit\u00e9 et [&hellip;]<\/p>\n","protected":false},"author":1,"featured_media":0,"parent":0,"menu_order":6,"comment_status":"closed","ping_status":"closed","template":"","meta":{"footnotes":""},"class_list":["post-1516","page","type-page","status-publish","hentry"],"yoast_head":"<!-- This site is optimized with the Yoast SEO plugin v27.5 - https:\/\/yoast.com\/product\/yoast-seo-wordpress\/ -->\n<title>Infos pratiques - CAPEB Formations Aube<\/title>\n<meta name=\"robots\" content=\"index, follow, max-snippet:-1, max-image-preview:large, max-video-preview:-1\" \/>\n<link rel=\"canonical\" href=\"https:\/\/www.batiment-formations.fr\/10\/infos-pratiques\/\" \/>\n<meta property=\"og:locale\" content=\"fr_FR\" \/>\n<meta property=\"og:type\" content=\"article\" \/>\n<meta property=\"og:title\" content=\"Infos pratiques - CAPEB Formations Aube\" \/>\n<meta property=\"og:description\" content=\"Les services de la CAPEB &amp; CNATP de l&rsquo;Aube La CAPEB &amp; CNATP de l&rsquo;Aube propose des formations techniques, de s\u00e9curit\u00e9 et [&hellip;]\" \/>\n<meta property=\"og:url\" content=\"https:\/\/www.batiment-formations.fr\/10\/infos-pratiques\/\" \/>\n<meta property=\"og:site_name\" content=\"CAPEB Formations Aube\" \/>\n<meta property=\"article:modified_time\" content=\"2023-09-20T12:35:06+00:00\" \/>\n<meta property=\"og:image\" content=\"https:\/\/www.batiment-formations.fr\/10\/wp-content\/uploads\/2023\/09\/bandeau_services_horizontal-1024x124.png\" \/>\n<meta name=\"twitter:card\" content=\"summary_large_image\" \/>\n<meta name=\"twitter:label1\" content=\"Dur\u00e9e de lecture estim\u00e9e\" \/>\n\t<meta name=\"twitter:data1\" content=\"1 minute\" \/>\n<script type=\"application\/ld+json\" class=\"yoast-schema-graph\">{\"@context\":\"https:\\\/\\\/schema.org\",\"@graph\":[{\"@type\":\"WebPage\",\"@id\":\"https:\\\/\\\/www.batiment-formations.fr\\\/10\\\/infos-pratiques\\\/\",\"url\":\"https:\\\/\\\/www.batiment-formations.fr\\\/10\\\/infos-pratiques\\\/\",\"name\":\"Infos pratiques - CAPEB Formations Aube\",\"isPartOf\":{\"@id\":\"https:\\\/\\\/www.batiment-formations.fr\\\/10\\\/#website\"},\"primaryImageOfPage\":{\"@id\":\"https:\\\/\\\/www.batiment-formations.fr\\\/10\\\/infos-pratiques\\\/#primaryimage\"},\"image\":{\"@id\":\"https:\\\/\\\/www.batiment-formations.fr\\\/10\\\/infos-pratiques\\\/#primaryimage\"},\"thumbnailUrl\":\"https:\\\/\\\/www.batiment-formations.fr\\\/10\\\/wp-content\\\/uploads\\\/2023\\\/09\\\/bandeau_services_horizontal-1024x124.png\",\"datePublished\":\"2022-06-03T08:39:39+00:00\",\"dateModified\":\"2023-09-20T12:35:06+00:00\",\"breadcrumb\":{\"@id\":\"https:\\\/\\\/www.batiment-formations.fr\\\/10\\\/infos-pratiques\\\/#breadcrumb\"},\"inLanguage\":\"fr-FR\",\"potentialAction\":[{\"@type\":\"ReadAction\",\"target\":[\"https:\\\/\\\/www.batiment-formations.fr\\\/10\\\/infos-pratiques\\\/\"]}]},{\"@type\":\"ImageObject\",\"inLanguage\":\"fr-FR\",\"@id\":\"https:\\\/\\\/www.batiment-formations.fr\\\/10\\\/infos-pratiques\\\/#primaryimage\",\"url\":\"https:\\\/\\\/www.batiment-formations.fr\\\/10\\\/wp-content\\\/uploads\\\/2023\\\/09\\\/bandeau_services_horizontal.png\",\"contentUrl\":\"https:\\\/\\\/www.batiment-formations.fr\\\/10\\\/wp-content\\\/uploads\\\/2023\\\/09\\\/bandeau_services_horizontal.png\",\"width\":2527,\"height\":306},{\"@type\":\"BreadcrumbList\",\"@id\":\"https:\\\/\\\/www.batiment-formations.fr\\\/10\\\/infos-pratiques\\\/#breadcrumb\",\"itemListElement\":[{\"@type\":\"ListItem\",\"position\":1,\"name\":\"Accueil\",\"item\":\"https:\\\/\\\/www.batiment-formations.fr\\\/10\\\/\"},{\"@type\":\"ListItem\",\"position\":2,\"name\":\"Infos pratiques\"}]},{\"@type\":\"WebSite\",\"@id\":\"https:\\\/\\\/www.batiment-formations.fr\\\/10\\\/#website\",\"url\":\"https:\\\/\\\/www.batiment-formations.fr\\\/10\\\/\",\"name\":\"CAPEB Formations Aube\",\"description\":\"\",\"potentialAction\":[{\"@type\":\"SearchAction\",\"target\":{\"@type\":\"EntryPoint\",\"urlTemplate\":\"https:\\\/\\\/www.batiment-formations.fr\\\/10\\\/?s={search_term_string}\"},\"query-input\":{\"@type\":\"PropertyValueSpecification\",\"valueRequired\":true,\"valueName\":\"search_term_string\"}}],\"inLanguage\":\"fr-FR\"},{\"@type\":\"Organization\",\"@id\":\"https:\\\/\\\/www.batiment-formations.fr\\\/10\\\/#Organization\",\"name\":\"CAPEB Formations Aube\",\"address\":{\"@type\":\"PostalAddress\",\"streetAddress\":\"14 rue Am\u00e9d\u00e9e Boll\u00e9e\",\"addressLocality\":\"BARBEREY ST SULPICE\",\"postalCode\":\"10600\",\"addressCountry\":\"FR\"}}]}<\/script>\n<!-- \/ Yoast SEO plugin. -->","yoast_head_json":{"title":"Infos pratiques - CAPEB Formations Aube","robots":{"index":"index","follow":"follow","max-snippet":"max-snippet:-1","max-image-preview":"max-image-preview:large","max-video-preview":"max-video-preview:-1"},"canonical":"https:\/\/www.batiment-formations.fr\/10\/infos-pratiques\/","og_locale":"fr_FR","og_type":"article","og_title":"Infos pratiques - CAPEB Formations Aube","og_description":"Les services de la CAPEB &amp; CNATP de l&rsquo;Aube La CAPEB &amp; CNATP de l&rsquo;Aube propose des formations techniques, de s\u00e9curit\u00e9 et [&hellip;]","og_url":"https:\/\/www.batiment-formations.fr\/10\/infos-pratiques\/","og_site_name":"CAPEB Formations Aube","article_modified_time":"2023-09-20T12:35:06+00:00","og_image":[{"url":"https:\/\/www.batiment-formations.fr\/10\/wp-content\/uploads\/2023\/09\/bandeau_services_horizontal-1024x124.png","type":"","width":"","height":""}],"twitter_card":"summary_large_image","twitter_misc":{"Dur\u00e9e de lecture estim\u00e9e":"1 minute"},"schema":{"@context":"https:\/\/schema.org","@graph":[{"@type":"WebPage","@id":"https:\/\/www.batiment-formations.fr\/10\/infos-pratiques\/","url":"https:\/\/www.batiment-formations.fr\/10\/infos-pratiques\/","name":"Infos pratiques - CAPEB Formations Aube","isPartOf":{"@id":"https:\/\/www.batiment-formations.fr\/10\/#website"},"primaryImageOfPage":{"@id":"https:\/\/www.batiment-formations.fr\/10\/infos-pratiques\/#primaryimage"},"image":{"@id":"https:\/\/www.batiment-formations.fr\/10\/infos-pratiques\/#primaryimage"},"thumbnailUrl":"https:\/\/www.batiment-formations.fr\/10\/wp-content\/uploads\/2023\/09\/bandeau_services_horizontal-1024x124.png","datePublished":"2022-06-03T08:39:39+00:00","dateModified":"2023-09-20T12:35:06+00:00","breadcrumb":{"@id":"https:\/\/www.batiment-formations.fr\/10\/infos-pratiques\/#breadcrumb"},"inLanguage":"fr-FR","potentialAction":[{"@type":"ReadAction","target":["https:\/\/www.batiment-formations.fr\/10\/infos-pratiques\/"]}]},{"@type":"ImageObject","inLanguage":"fr-FR","@id":"https:\/\/www.batiment-formations.fr\/10\/infos-pratiques\/#primaryimage","url":"https:\/\/www.batiment-formations.fr\/10\/wp-content\/uploads\/2023\/09\/bandeau_services_horizontal.png","contentUrl":"https:\/\/www.batiment-formations.fr\/10\/wp-content\/uploads\/2023\/09\/bandeau_services_horizontal.png","width":2527,"height":306},{"@type":"BreadcrumbList","@id":"https:\/\/www.batiment-formations.fr\/10\/infos-pratiques\/#breadcrumb","itemListElement":[{"@type":"ListItem","position":1,"name":"Accueil","item":"https:\/\/www.batiment-formations.fr\/10\/"},{"@type":"ListItem","position":2,"name":"Infos pratiques"}]},{"@type":"WebSite","@id":"https:\/\/www.batiment-formations.fr\/10\/#website","url":"https:\/\/www.batiment-formations.fr\/10\/","name":"CAPEB Formations Aube","description":"","potentialAction":[{"@type":"SearchAction","target":{"@type":"EntryPoint","urlTemplate":"https:\/\/www.batiment-formations.fr\/10\/?s={search_term_string}"},"query-input":{"@type":"PropertyValueSpecification","valueRequired":true,"valueName":"search_term_string"}}],"inLanguage":"fr-FR"},{"@type":"Organization","@id":"https:\/\/www.batiment-formations.fr\/10\/#Organization","name":"CAPEB Formations Aube","address":{"@type":"PostalAddress","streetAddress":"14 rue Am\u00e9d\u00e9e Boll\u00e9e","addressLocality":"BARBEREY ST SULPICE","postalCode":"10600","addressCountry":"FR"}}]}},"_links":{"self":[{"href":"https:\/\/www.batiment-formations.fr\/10\/wp-json\/wp\/v2\/pages\/1516","targetHints":{"allow":["GET"]}}],"collection":[{"href":"https:\/\/www.batiment-formations.fr\/10\/wp-json\/wp\/v2\/pages"}],"about":[{"href":"https:\/\/www.batiment-formations.fr\/10\/wp-json\/wp\/v2\/types\/page"}],"author":[{"embeddable":true,"href":"https:\/\/www.batiment-formations.fr\/10\/wp-json\/wp\/v2\/users\/1"}],"replies":[{"embeddable":true,"href":"https:\/\/www.batiment-formations.fr\/10\/wp-json\/wp\/v2\/comments?post=1516"}],"version-history":[{"count":7,"href":"https:\/\/www.batiment-formations.fr\/10\/wp-json\/wp\/v2\/pages\/1516\/revisions"}],"predecessor-version":[{"id":2019,"href":"https:\/\/www.batiment-formations.fr\/10\/wp-json\/wp\/v2\/pages\/1516\/revisions\/2019"}],"wp:attachment":[{"href":"https:\/\/www.batiment-formations.fr\/10\/wp-json\/wp\/v2\/media?parent=1516"}],"curies":[{"name":"wp","href":"https:\/\/api.w.org\/{rel}","templated":true}]}}