{"id":9,"date":"2021-09-01T09:47:34","date_gmt":"2021-09-01T07:47:34","guid":{"rendered":"https:\/\/www.batiment-formations.fr\/10\/?page_id=9"},"modified":"2023-07-19T16:22:59","modified_gmt":"2023-07-19T14:22:59","slug":"nos-partenaires","status":"publish","type":"page","link":"https:\/\/www.batiment-formations.fr\/10\/nos-partenaires\/","title":{"rendered":"Nos partenaires"},"content":{"rendered":"\n<h2 class=\"wp-block-heading\">Les grandes d\u00e9couvertes et les am\u00e9liorations impliquent constamment la coop\u00e9ration\u00a0de nombreux esprits.<\/h2>\n\n\n\n<div class=\"wp-block-columns is-layout-flex wp-container-core-columns-is-layout-9d6595d7 wp-block-columns-is-layout-flex\">\n<div class=\"wp-block-column is-layout-flow wp-block-column-is-layout-flow\">\n<figure class=\"wp-block-image size-full\"><img loading=\"lazy\" decoding=\"async\" width=\"557\" height=\"718\" src=\"https:\/\/www.batiment-formations.fr\/10\/wp-content\/uploads\/2021\/09\/contenu-1.jpg\" alt=\"\" class=\"wp-image-124\" srcset=\"https:\/\/www.batiment-formations.fr\/10\/wp-content\/uploads\/2021\/09\/contenu-1.jpg 557w, https:\/\/www.batiment-formations.fr\/10\/wp-content\/uploads\/2021\/09\/contenu-1-233x300.jpg 233w\" sizes=\"auto, (max-width: 557px) 100vw, 557px\" \/><\/figure>\n<\/div>\n\n\n\n<div class=\"wp-block-column is-layout-flow wp-block-column-is-layout-flow\">\n<figure class=\"wp-block-image size-full\"><img loading=\"lazy\" decoding=\"async\" width=\"559\" height=\"718\" src=\"https:\/\/www.batiment-formations.fr\/10\/wp-content\/uploads\/2021\/09\/contenu-2.jpg\" alt=\"\" class=\"wp-image-125\" srcset=\"https:\/\/www.batiment-formations.fr\/10\/wp-content\/uploads\/2021\/09\/contenu-2.jpg 559w, https:\/\/www.batiment-formations.fr\/10\/wp-content\/uploads\/2021\/09\/contenu-2-234x300.jpg 234w\" sizes=\"auto, (max-width: 559px) 100vw, 559px\" \/><\/figure>\n<\/div>\n<\/div>\n\n\n\n<h2 class=\"wp-block-heading\">\u00ab Pourquoi devenir partenaire de la CAPEB de l&rsquo;Aube ?  \u00bb<\/h2>\n\n\n<div class=\"bloc-temoignage\">\n              <div class=\"img-wrapper\">\n                  <img decoding=\"async\" src=\"\" alt=\"\">\n              <\/div>\n              <p class=\"title\">Pourquoi devenir partenaire ? <\/p>\n              <p class=\"text\"><p>La CAPEB de l&rsquo;Aube compte 800 entreprises adh\u00e9rentes.<\/p>\n<p>En choisissant d&rsquo;\u00eatre partenaire, je profite de leur r\u00e9seau mais surtout du capital confiance dont profite l&rsquo;Organisation Patronale aupr\u00e8s de ses adh\u00e9rents.<\/p>\n<p>Le service Formation se charge de mettre en avant mes formations, de planifier des dates en accord avec mes services, de constituer des groupes et d&rsquo;\u00e9tablir les prises en charge.<\/p>\n<p>Une jolie vitrine, 100% BTP, avec un travail r\u00e9alis\u00e9 main dans la main entre nos services !<\/p>\n<\/p>\n          <\/div>\n\n\n<h2 class=\"wp-block-heading\">Mieux nous conna\u00eetre &#8230; <\/h2>\n\n\n\n<figure class=\"wp-block-embed is-type-video is-provider-youtube wp-block-embed-youtube wp-embed-aspect-16-9 wp-has-aspect-ratio\"><div class=\"wp-block-embed__wrapper\">\n<iframe loading=\"lazy\" title=\"CAPEB - Vid\u00e9o institutionnelle 2021\" width=\"500\" height=\"281\" src=\"https:\/\/www.youtube.com\/embed\/jP1G8auKAXo?feature=oembed\" frameborder=\"0\" allow=\"accelerometer; autoplay; clipboard-write; encrypted-media; gyroscope; picture-in-picture; web-share\" referrerpolicy=\"strict-origin-when-cross-origin\" allowfullscreen><\/iframe>\n<\/div><\/figure>\n\n\n\n<div class=\"wp-block-columns is-layout-flex wp-container-core-columns-is-layout-9d6595d7 wp-block-columns-is-layout-flex\">\n<div class=\"wp-block-column is-layout-flow wp-block-column-is-layout-flow\">\n<h3 class=\"wp-block-heading\">Sur le d\u00e9partement&#8230; 11 collaborateurs. <\/h3>\n\n\n\n<p>Fort de 11 salari\u00e9s, la CAPEB de l&rsquo;Aube vous propose : <\/p>\n\n\n\n<ul class=\"wp-block-list\">\n<li>un service Juridique<\/li>\n\n\n\n<li>un service social<\/li>\n\n\n\n<li>un service formation<\/li>\n\n\n\n<li>un service qualification <\/li>\n\n\n\n<li>un service technique<\/li>\n\n\n\n<li>un service \u00e9conomique<\/li>\n\n\n\n<li>un service partenariat<\/li>\n<\/ul>\n<\/div>\n\n\n\n<div class=\"wp-block-column is-layout-flow wp-block-column-is-layout-flow\">\n<h3 class=\"wp-block-heading\">Sur le d\u00e9partement &#8230; 30 \u00e9lus. <\/h3>\n\n\n\n<p>La CAPEB de l&rsquo;Aube c&rsquo;est avant tout un syndicat repr\u00e9sent\u00e9 par 30 \u00e9lus, tous professionnels du BTP, qui \u0153uvrent b\u00e9n\u00e9volement dans l&rsquo;int\u00e9r\u00eat de leurs m\u00e9tiers. <\/p>\n\n\n<\/div>\n<\/div>\n\n\n\n<figure class=\"wp-block-image size-large\"><img loading=\"lazy\" decoding=\"async\" width=\"1024\" height=\"323\" src=\"https:\/\/www.batiment-formations.fr\/10\/wp-content\/uploads\/2021\/09\/contenu-7-1024x323.jpg\" alt=\"\" class=\"wp-image-144\" srcset=\"https:\/\/www.batiment-formations.fr\/10\/wp-content\/uploads\/2021\/09\/contenu-7-1024x323.jpg 1024w, https:\/\/www.batiment-formations.fr\/10\/wp-content\/uploads\/2021\/09\/contenu-7-300x95.jpg 300w, https:\/\/www.batiment-formations.fr\/10\/wp-content\/uploads\/2021\/09\/contenu-7-768x242.jpg 768w, https:\/\/www.batiment-formations.fr\/10\/wp-content\/uploads\/2021\/09\/contenu-7.jpg 1145w\" sizes=\"auto, (max-width: 1024px) 100vw, 1024px\" \/><\/figure>\n","protected":false},"excerpt":{"rendered":"<p>Les grandes d\u00e9couvertes et les am\u00e9liorations impliquent constamment la coop\u00e9ration\u00a0de nombreux esprits. \u00ab Pourquoi devenir partenaire de la CAPEB de l&rsquo;Aube ? [&hellip;]<\/p>\n","protected":false},"author":1,"featured_media":0,"parent":0,"menu_order":8,"comment_status":"closed","ping_status":"closed","template":"template-partenaires.php","meta":{"footnotes":""},"class_list":["post-9","page","type-page","status-publish","hentry"],"yoast_head":"<!-- This site is optimized with the Yoast SEO plugin v27.5 - https:\/\/yoast.com\/product\/yoast-seo-wordpress\/ -->\n<title>Nos partenaires - CAPEB Formations Aube<\/title>\n<meta name=\"robots\" content=\"index, follow, max-snippet:-1, max-image-preview:large, max-video-preview:-1\" \/>\n<link rel=\"canonical\" href=\"https:\/\/www.batiment-formations.fr\/10\/nos-partenaires\/\" \/>\n<meta property=\"og:locale\" content=\"fr_FR\" \/>\n<meta property=\"og:type\" content=\"article\" \/>\n<meta property=\"og:title\" content=\"Nos partenaires - CAPEB Formations Aube\" \/>\n<meta property=\"og:description\" content=\"Les grandes d\u00e9couvertes et les am\u00e9liorations impliquent constamment la coop\u00e9ration\u00a0de nombreux esprits. \u00ab Pourquoi devenir partenaire de la CAPEB de l&rsquo;Aube ? [&hellip;]\" \/>\n<meta property=\"og:url\" content=\"https:\/\/www.batiment-formations.fr\/10\/nos-partenaires\/\" \/>\n<meta property=\"og:site_name\" content=\"CAPEB Formations Aube\" \/>\n<meta property=\"article:modified_time\" content=\"2023-07-19T14:22:59+00:00\" \/>\n<meta property=\"og:image\" content=\"https:\/\/www.batiment-formations.fr\/10\/wp-content\/uploads\/2021\/09\/contenu-1.jpg\" \/>\n<meta name=\"twitter:card\" content=\"summary_large_image\" \/>\n<meta name=\"twitter:label1\" content=\"Dur\u00e9e de lecture estim\u00e9e\" \/>\n\t<meta name=\"twitter:data1\" content=\"2 minutes\" \/>\n<script type=\"application\/ld+json\" class=\"yoast-schema-graph\">{\"@context\":\"https:\\\/\\\/schema.org\",\"@graph\":[{\"@type\":\"WebPage\",\"@id\":\"https:\\\/\\\/www.batiment-formations.fr\\\/10\\\/nos-partenaires\\\/\",\"url\":\"https:\\\/\\\/www.batiment-formations.fr\\\/10\\\/nos-partenaires\\\/\",\"name\":\"Nos partenaires - CAPEB Formations Aube\",\"isPartOf\":{\"@id\":\"https:\\\/\\\/www.batiment-formations.fr\\\/10\\\/#website\"},\"primaryImageOfPage\":{\"@id\":\"https:\\\/\\\/www.batiment-formations.fr\\\/10\\\/nos-partenaires\\\/#primaryimage\"},\"image\":{\"@id\":\"https:\\\/\\\/www.batiment-formations.fr\\\/10\\\/nos-partenaires\\\/#primaryimage\"},\"thumbnailUrl\":\"https:\\\/\\\/www.batiment-formations.fr\\\/10\\\/wp-content\\\/uploads\\\/2021\\\/09\\\/contenu-1.jpg\",\"datePublished\":\"2021-09-01T07:47:34+00:00\",\"dateModified\":\"2023-07-19T14:22:59+00:00\",\"breadcrumb\":{\"@id\":\"https:\\\/\\\/www.batiment-formations.fr\\\/10\\\/nos-partenaires\\\/#breadcrumb\"},\"inLanguage\":\"fr-FR\",\"potentialAction\":[{\"@type\":\"ReadAction\",\"target\":[\"https:\\\/\\\/www.batiment-formations.fr\\\/10\\\/nos-partenaires\\\/\"]}]},{\"@type\":\"ImageObject\",\"inLanguage\":\"fr-FR\",\"@id\":\"https:\\\/\\\/www.batiment-formations.fr\\\/10\\\/nos-partenaires\\\/#primaryimage\",\"url\":\"https:\\\/\\\/www.batiment-formations.fr\\\/10\\\/wp-content\\\/uploads\\\/2021\\\/09\\\/contenu-1.jpg\",\"contentUrl\":\"https:\\\/\\\/www.batiment-formations.fr\\\/10\\\/wp-content\\\/uploads\\\/2021\\\/09\\\/contenu-1.jpg\",\"width\":557,\"height\":718},{\"@type\":\"BreadcrumbList\",\"@id\":\"https:\\\/\\\/www.batiment-formations.fr\\\/10\\\/nos-partenaires\\\/#breadcrumb\",\"itemListElement\":[{\"@type\":\"ListItem\",\"position\":1,\"name\":\"Accueil\",\"item\":\"https:\\\/\\\/www.batiment-formations.fr\\\/10\\\/\"},{\"@type\":\"ListItem\",\"position\":2,\"name\":\"Nos partenaires\"}]},{\"@type\":\"WebSite\",\"@id\":\"https:\\\/\\\/www.batiment-formations.fr\\\/10\\\/#website\",\"url\":\"https:\\\/\\\/www.batiment-formations.fr\\\/10\\\/\",\"name\":\"CAPEB Formations Aube\",\"description\":\"\",\"potentialAction\":[{\"@type\":\"SearchAction\",\"target\":{\"@type\":\"EntryPoint\",\"urlTemplate\":\"https:\\\/\\\/www.batiment-formations.fr\\\/10\\\/?s={search_term_string}\"},\"query-input\":{\"@type\":\"PropertyValueSpecification\",\"valueRequired\":true,\"valueName\":\"search_term_string\"}}],\"inLanguage\":\"fr-FR\"},{\"@type\":\"Organization\",\"@id\":\"https:\\\/\\\/www.batiment-formations.fr\\\/10\\\/#Organization\",\"name\":\"CAPEB Formations Aube\",\"address\":{\"@type\":\"PostalAddress\",\"streetAddress\":\"14 rue Am\u00e9d\u00e9e Boll\u00e9e\",\"addressLocality\":\"BARBEREY ST SULPICE\",\"postalCode\":\"10600\",\"addressCountry\":\"FR\"}}]}<\/script>\n<!-- \/ Yoast SEO plugin. -->","yoast_head_json":{"title":"Nos partenaires - CAPEB Formations Aube","robots":{"index":"index","follow":"follow","max-snippet":"max-snippet:-1","max-image-preview":"max-image-preview:large","max-video-preview":"max-video-preview:-1"},"canonical":"https:\/\/www.batiment-formations.fr\/10\/nos-partenaires\/","og_locale":"fr_FR","og_type":"article","og_title":"Nos partenaires - CAPEB Formations Aube","og_description":"Les grandes d\u00e9couvertes et les am\u00e9liorations impliquent constamment la coop\u00e9ration\u00a0de nombreux esprits. \u00ab Pourquoi devenir partenaire de la CAPEB de l&rsquo;Aube ? [&hellip;]","og_url":"https:\/\/www.batiment-formations.fr\/10\/nos-partenaires\/","og_site_name":"CAPEB Formations Aube","article_modified_time":"2023-07-19T14:22:59+00:00","og_image":[{"url":"https:\/\/www.batiment-formations.fr\/10\/wp-content\/uploads\/2021\/09\/contenu-1.jpg","type":"","width":"","height":""}],"twitter_card":"summary_large_image","twitter_misc":{"Dur\u00e9e de lecture estim\u00e9e":"2 minutes"},"schema":{"@context":"https:\/\/schema.org","@graph":[{"@type":"WebPage","@id":"https:\/\/www.batiment-formations.fr\/10\/nos-partenaires\/","url":"https:\/\/www.batiment-formations.fr\/10\/nos-partenaires\/","name":"Nos partenaires - CAPEB Formations Aube","isPartOf":{"@id":"https:\/\/www.batiment-formations.fr\/10\/#website"},"primaryImageOfPage":{"@id":"https:\/\/www.batiment-formations.fr\/10\/nos-partenaires\/#primaryimage"},"image":{"@id":"https:\/\/www.batiment-formations.fr\/10\/nos-partenaires\/#primaryimage"},"thumbnailUrl":"https:\/\/www.batiment-formations.fr\/10\/wp-content\/uploads\/2021\/09\/contenu-1.jpg","datePublished":"2021-09-01T07:47:34+00:00","dateModified":"2023-07-19T14:22:59+00:00","breadcrumb":{"@id":"https:\/\/www.batiment-formations.fr\/10\/nos-partenaires\/#breadcrumb"},"inLanguage":"fr-FR","potentialAction":[{"@type":"ReadAction","target":["https:\/\/www.batiment-formations.fr\/10\/nos-partenaires\/"]}]},{"@type":"ImageObject","inLanguage":"fr-FR","@id":"https:\/\/www.batiment-formations.fr\/10\/nos-partenaires\/#primaryimage","url":"https:\/\/www.batiment-formations.fr\/10\/wp-content\/uploads\/2021\/09\/contenu-1.jpg","contentUrl":"https:\/\/www.batiment-formations.fr\/10\/wp-content\/uploads\/2021\/09\/contenu-1.jpg","width":557,"height":718},{"@type":"BreadcrumbList","@id":"https:\/\/www.batiment-formations.fr\/10\/nos-partenaires\/#breadcrumb","itemListElement":[{"@type":"ListItem","position":1,"name":"Accueil","item":"https:\/\/www.batiment-formations.fr\/10\/"},{"@type":"ListItem","position":2,"name":"Nos partenaires"}]},{"@type":"WebSite","@id":"https:\/\/www.batiment-formations.fr\/10\/#website","url":"https:\/\/www.batiment-formations.fr\/10\/","name":"CAPEB Formations Aube","description":"","potentialAction":[{"@type":"SearchAction","target":{"@type":"EntryPoint","urlTemplate":"https:\/\/www.batiment-formations.fr\/10\/?s={search_term_string}"},"query-input":{"@type":"PropertyValueSpecification","valueRequired":true,"valueName":"search_term_string"}}],"inLanguage":"fr-FR"},{"@type":"Organization","@id":"https:\/\/www.batiment-formations.fr\/10\/#Organization","name":"CAPEB Formations Aube","address":{"@type":"PostalAddress","streetAddress":"14 rue Am\u00e9d\u00e9e Boll\u00e9e","addressLocality":"BARBEREY ST SULPICE","postalCode":"10600","addressCountry":"FR"}}]}},"_links":{"self":[{"href":"https:\/\/www.batiment-formations.fr\/10\/wp-json\/wp\/v2\/pages\/9","targetHints":{"allow":["GET"]}}],"collection":[{"href":"https:\/\/www.batiment-formations.fr\/10\/wp-json\/wp\/v2\/pages"}],"about":[{"href":"https:\/\/www.batiment-formations.fr\/10\/wp-json\/wp\/v2\/types\/page"}],"author":[{"embeddable":true,"href":"https:\/\/www.batiment-formations.fr\/10\/wp-json\/wp\/v2\/users\/1"}],"replies":[{"embeddable":true,"href":"https:\/\/www.batiment-formations.fr\/10\/wp-json\/wp\/v2\/comments?post=9"}],"version-history":[{"count":41,"href":"https:\/\/www.batiment-formations.fr\/10\/wp-json\/wp\/v2\/pages\/9\/revisions"}],"predecessor-version":[{"id":1885,"href":"https:\/\/www.batiment-formations.fr\/10\/wp-json\/wp\/v2\/pages\/9\/revisions\/1885"}],"wp:attachment":[{"href":"https:\/\/www.batiment-formations.fr\/10\/wp-json\/wp\/v2\/media?parent=9"}],"curies":[{"name":"wp","href":"https:\/\/api.w.org\/{rel}","templated":true}]}}