{"id":932,"date":"2021-09-14T13:32:21","date_gmt":"2021-09-14T11:32:21","guid":{"rendered":"https:\/\/www.batiment-formations.fr\/10\/?page_id=932"},"modified":"2023-09-20T11:43:40","modified_gmt":"2023-09-20T09:43:40","slug":"financement","status":"publish","type":"page","link":"https:\/\/www.batiment-formations.fr\/10\/financement\/","title":{"rendered":"Financement"},"content":{"rendered":"\n<div class=\"wp-block-group is-layout-constrained wp-block-group-is-layout-constrained\">\n<p class=\"has-text-align-left\"><strong>Forte de son ancrage territorial et de son expertise aupr\u00e8s des entreprises du b\u00e2timent, la CAPEB a exerc\u00e9 pendant plusieurs d\u00e9cennies les missions d\u00e9l\u00e9gu\u00e9es par le FAFSAB puis par I\u2019OPCA Constructys visant au d\u00e9veloppement de la formation de leurs salari\u00e9s du b\u00e2timent aupr\u00e8s des entreprises ressortissantes de l\u2019OPCO. Elle fait le choix de d\u00e9fendre tout particuli\u00e8rement les int\u00e9r\u00eats des entreprises artisanales et des TPE du b\u00e2timent.<\/strong><\/p>\n<\/div>\n\n\n\n<p><\/p>\n\n\n\n<p><\/p>\n\n\n\n<div class=\"wp-block-media-text is-stacked-on-mobile\"><figure class=\"wp-block-media-text__media\"><img loading=\"lazy\" decoding=\"async\" width=\"740\" height=\"740\" src=\"https:\/\/www.batiment-formations.fr\/10\/wp-content\/uploads\/2023\/09\/gerer-illustration-du-concept-argent_114360-8029-3.webp\" alt=\"\" class=\"wp-image-1977 size-full\" srcset=\"https:\/\/www.batiment-formations.fr\/10\/wp-content\/uploads\/2023\/09\/gerer-illustration-du-concept-argent_114360-8029-3.webp 740w, https:\/\/www.batiment-formations.fr\/10\/wp-content\/uploads\/2023\/09\/gerer-illustration-du-concept-argent_114360-8029-3-300x300.webp 300w, https:\/\/www.batiment-formations.fr\/10\/wp-content\/uploads\/2023\/09\/gerer-illustration-du-concept-argent_114360-8029-3-150x150.webp 150w\" sizes=\"auto, (max-width: 740px) 100vw, 740px\" \/><\/figure><div class=\"wp-block-media-text__content\">\n<p><strong>La CAPEB, qui conseille et accompagne quotidiennement 60 000 adh\u00e9rents, est donc un acteur essentiel dans le d\u00e9veloppement de l\u2019activit\u00e9 des entreprises qu\u2019elle repr\u00e9sente et dans la mont\u00e9e en comp\u00e9tences de leurs salari\u00e9s.&nbsp;<\/strong><\/p>\n\n\n\n<hr class=\"wp-block-separator has-alpha-channel-opacity\"\/>\n\n\n\n<p><strong>Son action s\u2019inscrit donc en totale compl\u00e9mentarit\u00e9 des actions mises en \u0153uvre par l\u2019Op\u00e9rateur de comp\u00e9tences Constructys permettant le d\u00e9veloppement des d\u00e9parts en formation des salari\u00e9s.&nbsp;<\/strong><\/p>\n\n\n\n<hr class=\"wp-block-separator has-alpha-channel-opacity\"\/>\n\n\n\n<p><strong>Rapprochez-vous de la CAPEB Aube qui sera la plus \u00e0 m\u00eame de vous indiquer quel organisme solliciter et surtout comment optimiser le financement de votre action de formation !<\/strong><\/p>\n<\/div><\/div>\n\n\n","protected":false},"excerpt":{"rendered":"<p>Forte de son ancrage territorial et de son expertise aupr\u00e8s des entreprises du b\u00e2timent, la CAPEB a exerc\u00e9 pendant plusieurs d\u00e9cennies les [&hellip;]<\/p>\n","protected":false},"author":1,"featured_media":154,"parent":0,"menu_order":4,"comment_status":"closed","ping_status":"closed","template":"","meta":{"footnotes":""},"class_list":["post-932","page","type-page","status-publish","has-post-thumbnail","hentry"],"yoast_head":"<!-- This site is optimized with the Yoast SEO plugin v27.5 - https:\/\/yoast.com\/product\/yoast-seo-wordpress\/ -->\n<title>Financement - CAPEB Formations Aube<\/title>\n<meta name=\"description\" content=\"Consultez le service formation de la CAPEB pour \u00e9tudier au cas par cas les solutions de financement qui s&#039;offrent \u00e0 vous !\" \/>\n<meta name=\"robots\" content=\"index, follow, max-snippet:-1, max-image-preview:large, max-video-preview:-1\" \/>\n<link rel=\"canonical\" href=\"https:\/\/www.batiment-formations.fr\/10\/financement\/\" \/>\n<meta property=\"og:locale\" content=\"fr_FR\" \/>\n<meta property=\"og:type\" content=\"article\" \/>\n<meta property=\"og:title\" content=\"Financement - CAPEB Formations Aube\" \/>\n<meta property=\"og:description\" content=\"Consultez le service formation de la CAPEB pour \u00e9tudier au cas par cas les solutions de financement qui s&#039;offrent \u00e0 vous !\" \/>\n<meta property=\"og:url\" content=\"https:\/\/www.batiment-formations.fr\/10\/financement\/\" \/>\n<meta property=\"og:site_name\" content=\"CAPEB Formations Aube\" \/>\n<meta property=\"article:modified_time\" content=\"2023-09-20T09:43:40+00:00\" \/>\n<meta property=\"og:image\" content=\"https:\/\/www.batiment-formations.fr\/10\/wp-content\/uploads\/2021\/09\/contenu-8.jpg\" \/>\n\t<meta property=\"og:image:width\" content=\"1145\" \/>\n\t<meta property=\"og:image:height\" content=\"663\" \/>\n\t<meta property=\"og:image:type\" content=\"image\/jpeg\" \/>\n<meta name=\"twitter:card\" content=\"summary_large_image\" \/>\n<meta name=\"twitter:label1\" content=\"Dur\u00e9e de lecture estim\u00e9e\" \/>\n\t<meta name=\"twitter:data1\" content=\"1 minute\" \/>\n<script type=\"application\/ld+json\" class=\"yoast-schema-graph\">{\"@context\":\"https:\\\/\\\/schema.org\",\"@graph\":[{\"@type\":\"WebPage\",\"@id\":\"https:\\\/\\\/www.batiment-formations.fr\\\/10\\\/financement\\\/\",\"url\":\"https:\\\/\\\/www.batiment-formations.fr\\\/10\\\/financement\\\/\",\"name\":\"Financement - CAPEB Formations Aube\",\"isPartOf\":{\"@id\":\"https:\\\/\\\/www.batiment-formations.fr\\\/10\\\/#website\"},\"primaryImageOfPage\":{\"@id\":\"https:\\\/\\\/www.batiment-formations.fr\\\/10\\\/financement\\\/#primaryimage\"},\"image\":{\"@id\":\"https:\\\/\\\/www.batiment-formations.fr\\\/10\\\/financement\\\/#primaryimage\"},\"thumbnailUrl\":\"https:\\\/\\\/www.batiment-formations.fr\\\/10\\\/wp-content\\\/uploads\\\/2021\\\/09\\\/contenu-8.jpg\",\"datePublished\":\"2021-09-14T11:32:21+00:00\",\"dateModified\":\"2023-09-20T09:43:40+00:00\",\"description\":\"Consultez le service formation de la CAPEB pour \u00e9tudier au cas par cas les solutions de financement qui s'offrent \u00e0 vous !\",\"breadcrumb\":{\"@id\":\"https:\\\/\\\/www.batiment-formations.fr\\\/10\\\/financement\\\/#breadcrumb\"},\"inLanguage\":\"fr-FR\",\"potentialAction\":[{\"@type\":\"ReadAction\",\"target\":[\"https:\\\/\\\/www.batiment-formations.fr\\\/10\\\/financement\\\/\"]}]},{\"@type\":\"ImageObject\",\"inLanguage\":\"fr-FR\",\"@id\":\"https:\\\/\\\/www.batiment-formations.fr\\\/10\\\/financement\\\/#primaryimage\",\"url\":\"https:\\\/\\\/www.batiment-formations.fr\\\/10\\\/wp-content\\\/uploads\\\/2021\\\/09\\\/contenu-8.jpg\",\"contentUrl\":\"https:\\\/\\\/www.batiment-formations.fr\\\/10\\\/wp-content\\\/uploads\\\/2021\\\/09\\\/contenu-8.jpg\",\"width\":1145,\"height\":663},{\"@type\":\"BreadcrumbList\",\"@id\":\"https:\\\/\\\/www.batiment-formations.fr\\\/10\\\/financement\\\/#breadcrumb\",\"itemListElement\":[{\"@type\":\"ListItem\",\"position\":1,\"name\":\"Accueil\",\"item\":\"https:\\\/\\\/www.batiment-formations.fr\\\/10\\\/\"},{\"@type\":\"ListItem\",\"position\":2,\"name\":\"Financement\"}]},{\"@type\":\"WebSite\",\"@id\":\"https:\\\/\\\/www.batiment-formations.fr\\\/10\\\/#website\",\"url\":\"https:\\\/\\\/www.batiment-formations.fr\\\/10\\\/\",\"name\":\"CAPEB Formations Aube\",\"description\":\"\",\"potentialAction\":[{\"@type\":\"SearchAction\",\"target\":{\"@type\":\"EntryPoint\",\"urlTemplate\":\"https:\\\/\\\/www.batiment-formations.fr\\\/10\\\/?s={search_term_string}\"},\"query-input\":{\"@type\":\"PropertyValueSpecification\",\"valueRequired\":true,\"valueName\":\"search_term_string\"}}],\"inLanguage\":\"fr-FR\"},{\"@type\":\"Organization\",\"@id\":\"https:\\\/\\\/www.batiment-formations.fr\\\/10\\\/#Organization\",\"name\":\"CAPEB Formations Aube\",\"address\":{\"@type\":\"PostalAddress\",\"streetAddress\":\"14 rue Am\u00e9d\u00e9e Boll\u00e9e\",\"addressLocality\":\"BARBEREY ST SULPICE\",\"postalCode\":\"10600\",\"addressCountry\":\"FR\"}}]}<\/script>\n<!-- \/ Yoast SEO plugin. -->","yoast_head_json":{"title":"Financement - CAPEB Formations Aube","description":"Consultez le service formation de la CAPEB pour \u00e9tudier au cas par cas les solutions de financement qui s'offrent \u00e0 vous !","robots":{"index":"index","follow":"follow","max-snippet":"max-snippet:-1","max-image-preview":"max-image-preview:large","max-video-preview":"max-video-preview:-1"},"canonical":"https:\/\/www.batiment-formations.fr\/10\/financement\/","og_locale":"fr_FR","og_type":"article","og_title":"Financement - CAPEB Formations Aube","og_description":"Consultez le service formation de la CAPEB pour \u00e9tudier au cas par cas les solutions de financement qui s'offrent \u00e0 vous !","og_url":"https:\/\/www.batiment-formations.fr\/10\/financement\/","og_site_name":"CAPEB Formations Aube","article_modified_time":"2023-09-20T09:43:40+00:00","og_image":[{"width":1145,"height":663,"url":"https:\/\/www.batiment-formations.fr\/10\/wp-content\/uploads\/2021\/09\/contenu-8.jpg","type":"image\/jpeg"}],"twitter_card":"summary_large_image","twitter_misc":{"Dur\u00e9e de lecture estim\u00e9e":"1 minute"},"schema":{"@context":"https:\/\/schema.org","@graph":[{"@type":"WebPage","@id":"https:\/\/www.batiment-formations.fr\/10\/financement\/","url":"https:\/\/www.batiment-formations.fr\/10\/financement\/","name":"Financement - CAPEB Formations Aube","isPartOf":{"@id":"https:\/\/www.batiment-formations.fr\/10\/#website"},"primaryImageOfPage":{"@id":"https:\/\/www.batiment-formations.fr\/10\/financement\/#primaryimage"},"image":{"@id":"https:\/\/www.batiment-formations.fr\/10\/financement\/#primaryimage"},"thumbnailUrl":"https:\/\/www.batiment-formations.fr\/10\/wp-content\/uploads\/2021\/09\/contenu-8.jpg","datePublished":"2021-09-14T11:32:21+00:00","dateModified":"2023-09-20T09:43:40+00:00","description":"Consultez le service formation de la CAPEB pour \u00e9tudier au cas par cas les solutions de financement qui s'offrent \u00e0 vous !","breadcrumb":{"@id":"https:\/\/www.batiment-formations.fr\/10\/financement\/#breadcrumb"},"inLanguage":"fr-FR","potentialAction":[{"@type":"ReadAction","target":["https:\/\/www.batiment-formations.fr\/10\/financement\/"]}]},{"@type":"ImageObject","inLanguage":"fr-FR","@id":"https:\/\/www.batiment-formations.fr\/10\/financement\/#primaryimage","url":"https:\/\/www.batiment-formations.fr\/10\/wp-content\/uploads\/2021\/09\/contenu-8.jpg","contentUrl":"https:\/\/www.batiment-formations.fr\/10\/wp-content\/uploads\/2021\/09\/contenu-8.jpg","width":1145,"height":663},{"@type":"BreadcrumbList","@id":"https:\/\/www.batiment-formations.fr\/10\/financement\/#breadcrumb","itemListElement":[{"@type":"ListItem","position":1,"name":"Accueil","item":"https:\/\/www.batiment-formations.fr\/10\/"},{"@type":"ListItem","position":2,"name":"Financement"}]},{"@type":"WebSite","@id":"https:\/\/www.batiment-formations.fr\/10\/#website","url":"https:\/\/www.batiment-formations.fr\/10\/","name":"CAPEB Formations Aube","description":"","potentialAction":[{"@type":"SearchAction","target":{"@type":"EntryPoint","urlTemplate":"https:\/\/www.batiment-formations.fr\/10\/?s={search_term_string}"},"query-input":{"@type":"PropertyValueSpecification","valueRequired":true,"valueName":"search_term_string"}}],"inLanguage":"fr-FR"},{"@type":"Organization","@id":"https:\/\/www.batiment-formations.fr\/10\/#Organization","name":"CAPEB Formations Aube","address":{"@type":"PostalAddress","streetAddress":"14 rue Am\u00e9d\u00e9e Boll\u00e9e","addressLocality":"BARBEREY ST SULPICE","postalCode":"10600","addressCountry":"FR"}}]}},"_links":{"self":[{"href":"https:\/\/www.batiment-formations.fr\/10\/wp-json\/wp\/v2\/pages\/932","targetHints":{"allow":["GET"]}}],"collection":[{"href":"https:\/\/www.batiment-formations.fr\/10\/wp-json\/wp\/v2\/pages"}],"about":[{"href":"https:\/\/www.batiment-formations.fr\/10\/wp-json\/wp\/v2\/types\/page"}],"author":[{"embeddable":true,"href":"https:\/\/www.batiment-formations.fr\/10\/wp-json\/wp\/v2\/users\/1"}],"replies":[{"embeddable":true,"href":"https:\/\/www.batiment-formations.fr\/10\/wp-json\/wp\/v2\/comments?post=932"}],"version-history":[{"count":19,"href":"https:\/\/www.batiment-formations.fr\/10\/wp-json\/wp\/v2\/pages\/932\/revisions"}],"predecessor-version":[{"id":2008,"href":"https:\/\/www.batiment-formations.fr\/10\/wp-json\/wp\/v2\/pages\/932\/revisions\/2008"}],"wp:featuredmedia":[{"embeddable":true,"href":"https:\/\/www.batiment-formations.fr\/10\/wp-json\/wp\/v2\/media\/154"}],"wp:attachment":[{"href":"https:\/\/www.batiment-formations.fr\/10\/wp-json\/wp\/v2\/media?parent=932"}],"curies":[{"name":"wp","href":"https:\/\/api.w.org\/{rel}","templated":true}]}}