{"id":932,"date":"2021-09-14T13:32:21","date_gmt":"2021-09-14T11:32:21","guid":{"rendered":"https:\/\/www.batiment-formations.fr\/39\/?page_id=932"},"modified":"2025-06-17T17:08:23","modified_gmt":"2025-06-17T15:08:23","slug":"financement","status":"publish","type":"page","link":"https:\/\/www.batiment-formations.fr\/39\/financement\/","title":{"rendered":"FINANCER VOS FORMATIONS"},"content":{"rendered":"\n<p>Quand vous vous formez ou quand vous formez vos salari\u00e9s, vous pouvez b\u00e9n\u00e9ficier de prises en charges financi\u00e8res par vos OPCO : CONSTRUCTYS et le FAFCEA pour le secteur de la construction.<\/p>\n\n\n\n<p>Le service formation de la CAPEB Jura vous conseille et vous accompagne dans vos d\u00e9marches afin de vous simplifiez la vie. Prendre contact 03.84.87.01.03.<\/p>\n","protected":false},"excerpt":{"rendered":"<p>Quand vous vous formez ou quand vous formez vos salari\u00e9s, vous pouvez b\u00e9n\u00e9ficier de prises en charges financi\u00e8res par vos OPCO : [&hellip;]<\/p>\n","protected":false},"author":1,"featured_media":154,"parent":0,"menu_order":0,"comment_status":"closed","ping_status":"closed","template":"","meta":{"footnotes":""},"class_list":["post-932","page","type-page","status-publish","has-post-thumbnail","hentry"],"yoast_head":"<!-- This site is optimized with the Yoast SEO plugin v17.2 - https:\/\/yoast.com\/wordpress\/plugins\/seo\/ -->\n<meta name=\"robots\" content=\"index, follow, max-snippet:-1, max-image-preview:large, max-video-preview:-1\" \/>\n<link rel=\"canonical\" href=\"https:\/\/www.batiment-formations.fr\/39\/financement\/\" \/>\n<meta property=\"og:locale\" content=\"fr_FR\" \/>\n<meta property=\"og:type\" content=\"article\" \/>\n<meta property=\"og:title\" content=\"FINANCER VOS FORMATIONS - CAPEB Formations Jura\" \/>\n<meta property=\"og:description\" content=\"Quand vous vous formez ou quand vous formez vos salari\u00e9s, vous pouvez b\u00e9n\u00e9ficier de prises en charges financi\u00e8res par vos OPCO : [&hellip;]\" \/>\n<meta property=\"og:url\" content=\"https:\/\/www.batiment-formations.fr\/39\/financement\/\" \/>\n<meta property=\"og:site_name\" content=\"CAPEB Formations Jura\" \/>\n<meta property=\"article:modified_time\" content=\"2025-06-17T15:08:23+00:00\" \/>\n<meta property=\"og:image\" content=\"https:\/\/www.batiment-formations.fr\/39\/wp-content\/uploads\/2021\/09\/contenu-8.jpg\" \/>\n\t<meta property=\"og:image:width\" content=\"1145\" \/>\n\t<meta property=\"og:image:height\" content=\"663\" \/>\n<meta name=\"twitter:card\" content=\"summary_large_image\" \/>\n<script type=\"application\/ld+json\" class=\"yoast-schema-graph\">{\"@context\":\"https:\/\/schema.org\",\"@graph\":[{\"@type\":\"WebSite\",\"@id\":\"https:\/\/www.batiment-formations.fr\/39\/#website\",\"url\":\"https:\/\/www.batiment-formations.fr\/39\/\",\"name\":\"CAPEB Formations Jura\",\"description\":\"\",\"potentialAction\":[{\"@type\":\"SearchAction\",\"target\":{\"@type\":\"EntryPoint\",\"urlTemplate\":\"https:\/\/www.batiment-formations.fr\/39\/?s={search_term_string}\"},\"query-input\":\"required name=search_term_string\"}],\"inLanguage\":\"fr-FR\"},{\"@type\":\"ImageObject\",\"@id\":\"https:\/\/www.batiment-formations.fr\/39\/financement\/#primaryimage\",\"inLanguage\":\"fr-FR\",\"url\":\"https:\/\/www.batiment-formations.fr\/39\/wp-content\/uploads\/2021\/09\/contenu-8.jpg\",\"contentUrl\":\"https:\/\/www.batiment-formations.fr\/39\/wp-content\/uploads\/2021\/09\/contenu-8.jpg\",\"width\":1145,\"height\":663},{\"@type\":\"WebPage\",\"@id\":\"https:\/\/www.batiment-formations.fr\/39\/financement\/#webpage\",\"url\":\"https:\/\/www.batiment-formations.fr\/39\/financement\/\",\"name\":\"FINANCER VOS FORMATIONS - CAPEB Formations Jura\",\"isPartOf\":{\"@id\":\"https:\/\/www.batiment-formations.fr\/39\/#website\"},\"primaryImageOfPage\":{\"@id\":\"https:\/\/www.batiment-formations.fr\/39\/financement\/#primaryimage\"},\"datePublished\":\"2021-09-14T11:32:21+00:00\",\"dateModified\":\"2025-06-17T15:08:23+00:00\",\"breadcrumb\":{\"@id\":\"https:\/\/www.batiment-formations.fr\/39\/financement\/#breadcrumb\"},\"inLanguage\":\"fr-FR\",\"potentialAction\":[{\"@type\":\"ReadAction\",\"target\":[\"https:\/\/www.batiment-formations.fr\/39\/financement\/\"]}]},{\"@type\":\"BreadcrumbList\",\"@id\":\"https:\/\/www.batiment-formations.fr\/39\/financement\/#breadcrumb\",\"itemListElement\":[{\"@type\":\"ListItem\",\"position\":1,\"name\":\"Accueil\",\"item\":\"https:\/\/www.batiment-formations.fr\/39\/\"},{\"@type\":\"ListItem\",\"position\":2,\"name\":\"FINANCER VOS FORMATIONS\"}]}]}<\/script>\n<!-- \/ Yoast SEO plugin. -->","yoast_head_json":{"robots":{"index":"index","follow":"follow","max-snippet":"max-snippet:-1","max-image-preview":"max-image-preview:large","max-video-preview":"max-video-preview:-1"},"canonical":"https:\/\/www.batiment-formations.fr\/39\/financement\/","og_locale":"fr_FR","og_type":"article","og_title":"FINANCER VOS FORMATIONS - CAPEB Formations Jura","og_description":"Quand vous vous formez ou quand vous formez vos salari\u00e9s, vous pouvez b\u00e9n\u00e9ficier de prises en charges financi\u00e8res par vos OPCO : [&hellip;]","og_url":"https:\/\/www.batiment-formations.fr\/39\/financement\/","og_site_name":"CAPEB Formations Jura","article_modified_time":"2025-06-17T15:08:23+00:00","og_image":[{"width":1145,"height":663,"url":"https:\/\/www.batiment-formations.fr\/39\/wp-content\/uploads\/2021\/09\/contenu-8.jpg","path":"\/data\/vhosts\/batiment-formations.fr\/httpdocs\/39\/wp-content\/uploads\/2021\/09\/contenu-8.jpg","size":"full","id":154,"alt":"","pixels":759135,"type":"image\/jpeg"}],"twitter_card":"summary_large_image","schema":{"@context":"https:\/\/schema.org","@graph":[{"@type":"WebSite","@id":"https:\/\/www.batiment-formations.fr\/39\/#website","url":"https:\/\/www.batiment-formations.fr\/39\/","name":"CAPEB Formations Jura","description":"","potentialAction":[{"@type":"SearchAction","target":{"@type":"EntryPoint","urlTemplate":"https:\/\/www.batiment-formations.fr\/39\/?s={search_term_string}"},"query-input":"required name=search_term_string"}],"inLanguage":"fr-FR"},{"@type":"ImageObject","@id":"https:\/\/www.batiment-formations.fr\/39\/financement\/#primaryimage","inLanguage":"fr-FR","url":"https:\/\/www.batiment-formations.fr\/39\/wp-content\/uploads\/2021\/09\/contenu-8.jpg","contentUrl":"https:\/\/www.batiment-formations.fr\/39\/wp-content\/uploads\/2021\/09\/contenu-8.jpg","width":1145,"height":663},{"@type":"WebPage","@id":"https:\/\/www.batiment-formations.fr\/39\/financement\/#webpage","url":"https:\/\/www.batiment-formations.fr\/39\/financement\/","name":"FINANCER VOS FORMATIONS - CAPEB Formations Jura","isPartOf":{"@id":"https:\/\/www.batiment-formations.fr\/39\/#website"},"primaryImageOfPage":{"@id":"https:\/\/www.batiment-formations.fr\/39\/financement\/#primaryimage"},"datePublished":"2021-09-14T11:32:21+00:00","dateModified":"2025-06-17T15:08:23+00:00","breadcrumb":{"@id":"https:\/\/www.batiment-formations.fr\/39\/financement\/#breadcrumb"},"inLanguage":"fr-FR","potentialAction":[{"@type":"ReadAction","target":["https:\/\/www.batiment-formations.fr\/39\/financement\/"]}]},{"@type":"BreadcrumbList","@id":"https:\/\/www.batiment-formations.fr\/39\/financement\/#breadcrumb","itemListElement":[{"@type":"ListItem","position":1,"name":"Accueil","item":"https:\/\/www.batiment-formations.fr\/39\/"},{"@type":"ListItem","position":2,"name":"FINANCER VOS FORMATIONS"}]}]}},"_links":{"self":[{"href":"https:\/\/www.batiment-formations.fr\/39\/wp-json\/wp\/v2\/pages\/932","targetHints":{"allow":["GET"]}}],"collection":[{"href":"https:\/\/www.batiment-formations.fr\/39\/wp-json\/wp\/v2\/pages"}],"about":[{"href":"https:\/\/www.batiment-formations.fr\/39\/wp-json\/wp\/v2\/types\/page"}],"author":[{"embeddable":true,"href":"https:\/\/www.batiment-formations.fr\/39\/wp-json\/wp\/v2\/users\/1"}],"replies":[{"embeddable":true,"href":"https:\/\/www.batiment-formations.fr\/39\/wp-json\/wp\/v2\/comments?post=932"}],"version-history":[{"count":4,"href":"https:\/\/www.batiment-formations.fr\/39\/wp-json\/wp\/v2\/pages\/932\/revisions"}],"predecessor-version":[{"id":1500,"href":"https:\/\/www.batiment-formations.fr\/39\/wp-json\/wp\/v2\/pages\/932\/revisions\/1500"}],"wp:featuredmedia":[{"embeddable":true,"href":"https:\/\/www.batiment-formations.fr\/39\/wp-json\/wp\/v2\/media\/154"}],"wp:attachment":[{"href":"https:\/\/www.batiment-formations.fr\/39\/wp-json\/wp\/v2\/media?parent=932"}],"curies":[{"name":"wp","href":"https:\/\/api.w.org\/{rel}","templated":true}]}}