{"id":25,"date":"2021-09-01T09:47:47","date_gmt":"2021-09-01T07:47:47","guid":{"rendered":"https:\/\/www.batiment-formations.fr\/54\/?page_id=25"},"modified":"2023-11-27T22:55:51","modified_gmt":"2023-11-27T21:55:51","slug":"accueil","status":"publish","type":"page","link":"https:\/\/www.batiment-formations.fr\/54\/","title":{"rendered":"Accueil"},"content":{"rendered":"","protected":false},"excerpt":{"rendered":"","protected":false},"author":1,"featured_media":0,"parent":0,"menu_order":0,"comment_status":"closed","ping_status":"closed","template":"template-accueil.php","meta":{"footnotes":""},"class_list":["post-25","page","type-page","status-publish","hentry"],"yoast_head":"<!-- This site is optimized with the Yoast SEO plugin v17.2 - https:\/\/yoast.com\/wordpress\/plugins\/seo\/ -->\n<meta name=\"description\" content=\"Avec la CAPEB Meurthe-et-Moselle, b\u00e9n\u00e9ficiez d&#039;un interlocuteur d\u00e9di\u00e9 pour la formation des collaborateurs \u00e0 l&#039;artisanat du b\u00e2timent !\" \/>\n<meta name=\"robots\" content=\"index, follow, max-snippet:-1, max-image-preview:large, max-video-preview:-1\" \/>\n<link rel=\"canonical\" href=\"https:\/\/www.batiment-formations.fr\/54\/\" \/>\n<meta property=\"og:locale\" content=\"fr_FR\" \/>\n<meta property=\"og:type\" content=\"article\" \/>\n<meta property=\"og:title\" content=\"CAPEB Formations Meurte-et-Moselle : vos formations dans le b\u00e2timent\" \/>\n<meta property=\"og:description\" content=\"Avec la CAPEB Meurthe-et-Moselle, b\u00e9n\u00e9ficiez d&#039;un interlocuteur d\u00e9di\u00e9 pour la formation des collaborateurs \u00e0 l&#039;artisanat du b\u00e2timent !\" \/>\n<meta property=\"og:url\" content=\"https:\/\/www.batiment-formations.fr\/54\/\" \/>\n<meta property=\"og:site_name\" content=\"CAPEB Formations Meurthe-et-Moselle\" \/>\n<meta property=\"article:modified_time\" content=\"2023-11-27T21:55:51+00:00\" \/>\n<meta name=\"twitter:card\" content=\"summary_large_image\" \/>\n<script type=\"application\/ld+json\" class=\"yoast-schema-graph\">{\"@context\":\"https:\/\/schema.org\",\"@graph\":[{\"@type\":\"WebSite\",\"@id\":\"https:\/\/www.batiment-formations.fr\/54\/#website\",\"url\":\"https:\/\/www.batiment-formations.fr\/54\/\",\"name\":\"CAPEB Formations Meurthe-et-Moselle\",\"description\":\"\",\"potentialAction\":[{\"@type\":\"SearchAction\",\"target\":{\"@type\":\"EntryPoint\",\"urlTemplate\":\"https:\/\/www.batiment-formations.fr\/54\/?s={search_term_string}\"},\"query-input\":\"required name=search_term_string\"}],\"inLanguage\":\"fr-FR\"},{\"@type\":\"WebPage\",\"@id\":\"https:\/\/www.batiment-formations.fr\/54\/#webpage\",\"url\":\"https:\/\/www.batiment-formations.fr\/54\/\",\"name\":\"CAPEB Formations Meurte-et-Moselle : vos formations dans le b\\u00e2timent\",\"isPartOf\":{\"@id\":\"https:\/\/www.batiment-formations.fr\/54\/#website\"},\"datePublished\":\"2021-09-01T07:47:47+00:00\",\"dateModified\":\"2023-11-27T21:55:51+00:00\",\"description\":\"Avec la CAPEB Meurthe-et-Moselle, b\\u00e9n\\u00e9ficiez d'un interlocuteur d\\u00e9di\\u00e9 pour la formation des collaborateurs \\u00e0 l'artisanat du b\\u00e2timent !\",\"breadcrumb\":{\"@id\":\"https:\/\/www.batiment-formations.fr\/54\/#breadcrumb\"},\"inLanguage\":\"fr-FR\",\"potentialAction\":[{\"@type\":\"ReadAction\",\"target\":[\"https:\/\/www.batiment-formations.fr\/54\/\"]}]},{\"@type\":\"BreadcrumbList\",\"@id\":\"https:\/\/www.batiment-formations.fr\/54\/#breadcrumb\",\"itemListElement\":[{\"@type\":\"ListItem\",\"position\":1,\"name\":\"Accueil\",\"item\":\"https:\/\/www.batiment-formations.fr\/54\/\"},{\"@type\":\"ListItem\",\"position\":2,\"name\":\"Accueil\"}]}]}<\/script>\n<!-- \/ Yoast SEO plugin. -->","yoast_head_json":{"description":"Avec la CAPEB Meurthe-et-Moselle, b\u00e9n\u00e9ficiez d'un interlocuteur d\u00e9di\u00e9 pour la formation des collaborateurs \u00e0 l'artisanat du b\u00e2timent !","robots":{"index":"index","follow":"follow","max-snippet":"max-snippet:-1","max-image-preview":"max-image-preview:large","max-video-preview":"max-video-preview:-1"},"canonical":"https:\/\/www.batiment-formations.fr\/54\/","og_locale":"fr_FR","og_type":"article","og_title":"CAPEB Formations Meurte-et-Moselle : vos formations dans le b\u00e2timent","og_description":"Avec la CAPEB Meurthe-et-Moselle, b\u00e9n\u00e9ficiez d'un interlocuteur d\u00e9di\u00e9 pour la formation des collaborateurs \u00e0 l'artisanat du b\u00e2timent !","og_url":"https:\/\/www.batiment-formations.fr\/54\/","og_site_name":"CAPEB Formations Meurthe-et-Moselle","article_modified_time":"2023-11-27T21:55:51+00:00","twitter_card":"summary_large_image","schema":{"@context":"https:\/\/schema.org","@graph":[{"@type":"WebSite","@id":"https:\/\/www.batiment-formations.fr\/54\/#website","url":"https:\/\/www.batiment-formations.fr\/54\/","name":"CAPEB Formations Meurthe-et-Moselle","description":"","potentialAction":[{"@type":"SearchAction","target":{"@type":"EntryPoint","urlTemplate":"https:\/\/www.batiment-formations.fr\/54\/?s={search_term_string}"},"query-input":"required name=search_term_string"}],"inLanguage":"fr-FR"},{"@type":"WebPage","@id":"https:\/\/www.batiment-formations.fr\/54\/#webpage","url":"https:\/\/www.batiment-formations.fr\/54\/","name":"CAPEB Formations Meurte-et-Moselle : vos formations dans le b\u00e2timent","isPartOf":{"@id":"https:\/\/www.batiment-formations.fr\/54\/#website"},"datePublished":"2021-09-01T07:47:47+00:00","dateModified":"2023-11-27T21:55:51+00:00","description":"Avec la CAPEB Meurthe-et-Moselle, b\u00e9n\u00e9ficiez d'un interlocuteur d\u00e9di\u00e9 pour la formation des collaborateurs \u00e0 l'artisanat du b\u00e2timent !","breadcrumb":{"@id":"https:\/\/www.batiment-formations.fr\/54\/#breadcrumb"},"inLanguage":"fr-FR","potentialAction":[{"@type":"ReadAction","target":["https:\/\/www.batiment-formations.fr\/54\/"]}]},{"@type":"BreadcrumbList","@id":"https:\/\/www.batiment-formations.fr\/54\/#breadcrumb","itemListElement":[{"@type":"ListItem","position":1,"name":"Accueil","item":"https:\/\/www.batiment-formations.fr\/54\/"},{"@type":"ListItem","position":2,"name":"Accueil"}]}]}},"_links":{"self":[{"href":"https:\/\/www.batiment-formations.fr\/54\/wp-json\/wp\/v2\/pages\/25","targetHints":{"allow":["GET"]}}],"collection":[{"href":"https:\/\/www.batiment-formations.fr\/54\/wp-json\/wp\/v2\/pages"}],"about":[{"href":"https:\/\/www.batiment-formations.fr\/54\/wp-json\/wp\/v2\/types\/page"}],"author":[{"embeddable":true,"href":"https:\/\/www.batiment-formations.fr\/54\/wp-json\/wp\/v2\/users\/1"}],"replies":[{"embeddable":true,"href":"https:\/\/www.batiment-formations.fr\/54\/wp-json\/wp\/v2\/comments?post=25"}],"version-history":[{"count":3,"href":"https:\/\/www.batiment-formations.fr\/54\/wp-json\/wp\/v2\/pages\/25\/revisions"}],"predecessor-version":[{"id":1583,"href":"https:\/\/www.batiment-formations.fr\/54\/wp-json\/wp\/v2\/pages\/25\/revisions\/1583"}],"wp:attachment":[{"href":"https:\/\/www.batiment-formations.fr\/54\/wp-json\/wp\/v2\/media?parent=25"}],"curies":[{"name":"wp","href":"https:\/\/api.w.org\/{rel}","templated":true}]}}