{"id":932,"date":"2023-08-30T11:05:42","date_gmt":"2023-08-30T09:05:42","guid":{"rendered":"https:\/\/www.batiment-formations.fr\/54\/?page_id=932"},"modified":"2023-08-30T11:06:41","modified_gmt":"2023-08-30T09:06:41","slug":"financer-ma-formation","status":"publish","type":"page","link":"https:\/\/www.batiment-formations.fr\/54\/financer-ma-formation\/","title":{"rendered":"Financement"},"content":{"rendered":"\n<p>Il existe 2 types de financements pour une entreprise.<br>Celle qui concerne le chef d&rsquo;entreprise aupr\u00e8s du FAFCEA <br>Celle qui concerne le salari\u00e9 aupr\u00e8s de CONSTRUCTYS<\/p>\n\n\n\n<p>La Capeb Meurthe-et-Moselle se tient \u00e0 votre disposition pour vous accompagner dans la d\u00e9marche de prise en charge du Chef d&rsquo;Entreprise, <\/p>\n\n\n\n<p>Pour la prise en charge de votre salari\u00e9 nous pouvons vous renseigner sur la prise en main de votre demande sur le portail egestion de CONSTRUCTYS<\/p>\n\n\n\n<p>N&rsquo;h\u00e9sitez pas \u00e0 venir vers nous pour vous accompagner ou vous renseigner.<\/p>\n","protected":false},"excerpt":{"rendered":"<p>Il existe 2 types de financements pour une entreprise.Celle qui concerne le chef d&rsquo;entreprise aupr\u00e8s du FAFCEA Celle qui concerne le salari\u00e9 [&hellip;]<\/p>\n","protected":false},"author":1,"featured_media":154,"parent":0,"menu_order":0,"comment_status":"closed","ping_status":"closed","template":"","meta":{"footnotes":""},"class_list":["post-932","page","type-page","status-publish","has-post-thumbnail","hentry"],"yoast_head":"<!-- This site is optimized with the Yoast SEO plugin v17.2 - https:\/\/yoast.com\/wordpress\/plugins\/seo\/ -->\n<meta name=\"description\" content=\"Avant de vous rendre en formation, n&#039;oubliez pas que celle-ci peut vous \u00eatre financ\u00e9e toute ou partie\u2026 contactez nous\" \/>\n<meta name=\"robots\" content=\"index, follow, max-snippet:-1, max-image-preview:large, max-video-preview:-1\" \/>\n<link rel=\"canonical\" href=\"https:\/\/www.batiment-formations.fr\/54\/financer-ma-formation\/\" \/>\n<meta property=\"og:locale\" content=\"fr_FR\" \/>\n<meta property=\"og:type\" content=\"article\" \/>\n<meta property=\"og:title\" content=\"Financement - CAPEB Formations Meurthe-et-Moselle\" \/>\n<meta property=\"og:description\" content=\"Avant de vous rendre en formation, n&#039;oubliez pas que celle-ci peut vous \u00eatre financ\u00e9e toute ou partie\u2026 contactez nous\" \/>\n<meta property=\"og:url\" content=\"https:\/\/www.batiment-formations.fr\/54\/financer-ma-formation\/\" \/>\n<meta property=\"og:site_name\" content=\"CAPEB Formations Meurthe-et-Moselle\" \/>\n<meta property=\"article:modified_time\" content=\"2023-08-30T09:06:41+00:00\" \/>\n<meta property=\"og:image\" content=\"https:\/\/www.batiment-formations.fr\/54\/wp-content\/uploads\/2021\/09\/contenu-8.jpg\" \/>\n\t<meta property=\"og:image:width\" content=\"1145\" \/>\n\t<meta property=\"og:image:height\" content=\"663\" \/>\n<meta name=\"twitter:card\" content=\"summary_large_image\" \/>\n<script type=\"application\/ld+json\" class=\"yoast-schema-graph\">{\"@context\":\"https:\/\/schema.org\",\"@graph\":[{\"@type\":\"WebSite\",\"@id\":\"https:\/\/www.batiment-formations.fr\/54\/#website\",\"url\":\"https:\/\/www.batiment-formations.fr\/54\/\",\"name\":\"CAPEB Formations Meurthe-et-Moselle\",\"description\":\"\",\"potentialAction\":[{\"@type\":\"SearchAction\",\"target\":{\"@type\":\"EntryPoint\",\"urlTemplate\":\"https:\/\/www.batiment-formations.fr\/54\/?s={search_term_string}\"},\"query-input\":\"required name=search_term_string\"}],\"inLanguage\":\"fr-FR\"},{\"@type\":\"ImageObject\",\"@id\":\"https:\/\/www.batiment-formations.fr\/54\/financer-ma-formation\/#primaryimage\",\"inLanguage\":\"fr-FR\",\"url\":\"https:\/\/www.batiment-formations.fr\/54\/wp-content\/uploads\/2021\/09\/contenu-8.jpg\",\"contentUrl\":\"https:\/\/www.batiment-formations.fr\/54\/wp-content\/uploads\/2021\/09\/contenu-8.jpg\",\"width\":1145,\"height\":663},{\"@type\":\"WebPage\",\"@id\":\"https:\/\/www.batiment-formations.fr\/54\/financer-ma-formation\/#webpage\",\"url\":\"https:\/\/www.batiment-formations.fr\/54\/financer-ma-formation\/\",\"name\":\"Financement - CAPEB Formations Meurthe-et-Moselle\",\"isPartOf\":{\"@id\":\"https:\/\/www.batiment-formations.fr\/54\/#website\"},\"primaryImageOfPage\":{\"@id\":\"https:\/\/www.batiment-formations.fr\/54\/financer-ma-formation\/#primaryimage\"},\"datePublished\":\"2023-08-30T09:05:42+00:00\",\"dateModified\":\"2023-08-30T09:06:41+00:00\",\"description\":\"Avant de vous rendre en formation, n'oubliez pas que celle-ci peut vous \\u00eatre financ\\u00e9e toute ou partie\\u2026 contactez nous\",\"breadcrumb\":{\"@id\":\"https:\/\/www.batiment-formations.fr\/54\/financer-ma-formation\/#breadcrumb\"},\"inLanguage\":\"fr-FR\",\"potentialAction\":[{\"@type\":\"ReadAction\",\"target\":[\"https:\/\/www.batiment-formations.fr\/54\/financer-ma-formation\/\"]}]},{\"@type\":\"BreadcrumbList\",\"@id\":\"https:\/\/www.batiment-formations.fr\/54\/financer-ma-formation\/#breadcrumb\",\"itemListElement\":[{\"@type\":\"ListItem\",\"position\":1,\"name\":\"Accueil\",\"item\":\"https:\/\/www.batiment-formations.fr\/54\/\"},{\"@type\":\"ListItem\",\"position\":2,\"name\":\"Financement\"}]}]}<\/script>\n<!-- \/ Yoast SEO plugin. -->","yoast_head_json":{"description":"Avant de vous rendre en formation, n'oubliez pas que celle-ci peut vous \u00eatre financ\u00e9e toute ou partie\u2026 contactez nous","robots":{"index":"index","follow":"follow","max-snippet":"max-snippet:-1","max-image-preview":"max-image-preview:large","max-video-preview":"max-video-preview:-1"},"canonical":"https:\/\/www.batiment-formations.fr\/54\/financer-ma-formation\/","og_locale":"fr_FR","og_type":"article","og_title":"Financement - CAPEB Formations Meurthe-et-Moselle","og_description":"Avant de vous rendre en formation, n'oubliez pas que celle-ci peut vous \u00eatre financ\u00e9e toute ou partie\u2026 contactez nous","og_url":"https:\/\/www.batiment-formations.fr\/54\/financer-ma-formation\/","og_site_name":"CAPEB Formations Meurthe-et-Moselle","article_modified_time":"2023-08-30T09:06:41+00:00","og_image":[{"width":1145,"height":663,"url":"https:\/\/www.batiment-formations.fr\/54\/wp-content\/uploads\/2021\/09\/contenu-8.jpg","path":"\/data\/vhosts\/batiment-formations.fr\/httpdocs\/54\/wp-content\/uploads\/2021\/09\/contenu-8.jpg","size":"full","id":154,"alt":"","pixels":759135,"type":"image\/jpeg"}],"twitter_card":"summary_large_image","schema":{"@context":"https:\/\/schema.org","@graph":[{"@type":"WebSite","@id":"https:\/\/www.batiment-formations.fr\/54\/#website","url":"https:\/\/www.batiment-formations.fr\/54\/","name":"CAPEB Formations Meurthe-et-Moselle","description":"","potentialAction":[{"@type":"SearchAction","target":{"@type":"EntryPoint","urlTemplate":"https:\/\/www.batiment-formations.fr\/54\/?s={search_term_string}"},"query-input":"required name=search_term_string"}],"inLanguage":"fr-FR"},{"@type":"ImageObject","@id":"https:\/\/www.batiment-formations.fr\/54\/financer-ma-formation\/#primaryimage","inLanguage":"fr-FR","url":"https:\/\/www.batiment-formations.fr\/54\/wp-content\/uploads\/2021\/09\/contenu-8.jpg","contentUrl":"https:\/\/www.batiment-formations.fr\/54\/wp-content\/uploads\/2021\/09\/contenu-8.jpg","width":1145,"height":663},{"@type":"WebPage","@id":"https:\/\/www.batiment-formations.fr\/54\/financer-ma-formation\/#webpage","url":"https:\/\/www.batiment-formations.fr\/54\/financer-ma-formation\/","name":"Financement - CAPEB Formations Meurthe-et-Moselle","isPartOf":{"@id":"https:\/\/www.batiment-formations.fr\/54\/#website"},"primaryImageOfPage":{"@id":"https:\/\/www.batiment-formations.fr\/54\/financer-ma-formation\/#primaryimage"},"datePublished":"2023-08-30T09:05:42+00:00","dateModified":"2023-08-30T09:06:41+00:00","description":"Avant de vous rendre en formation, n'oubliez pas que celle-ci peut vous \u00eatre financ\u00e9e toute ou partie\u2026 contactez nous","breadcrumb":{"@id":"https:\/\/www.batiment-formations.fr\/54\/financer-ma-formation\/#breadcrumb"},"inLanguage":"fr-FR","potentialAction":[{"@type":"ReadAction","target":["https:\/\/www.batiment-formations.fr\/54\/financer-ma-formation\/"]}]},{"@type":"BreadcrumbList","@id":"https:\/\/www.batiment-formations.fr\/54\/financer-ma-formation\/#breadcrumb","itemListElement":[{"@type":"ListItem","position":1,"name":"Accueil","item":"https:\/\/www.batiment-formations.fr\/54\/"},{"@type":"ListItem","position":2,"name":"Financement"}]}]}},"_links":{"self":[{"href":"https:\/\/www.batiment-formations.fr\/54\/wp-json\/wp\/v2\/pages\/932","targetHints":{"allow":["GET"]}}],"collection":[{"href":"https:\/\/www.batiment-formations.fr\/54\/wp-json\/wp\/v2\/pages"}],"about":[{"href":"https:\/\/www.batiment-formations.fr\/54\/wp-json\/wp\/v2\/types\/page"}],"author":[{"embeddable":true,"href":"https:\/\/www.batiment-formations.fr\/54\/wp-json\/wp\/v2\/users\/1"}],"replies":[{"embeddable":true,"href":"https:\/\/www.batiment-formations.fr\/54\/wp-json\/wp\/v2\/comments?post=932"}],"version-history":[{"count":6,"href":"https:\/\/www.batiment-formations.fr\/54\/wp-json\/wp\/v2\/pages\/932\/revisions"}],"predecessor-version":[{"id":1526,"href":"https:\/\/www.batiment-formations.fr\/54\/wp-json\/wp\/v2\/pages\/932\/revisions\/1526"}],"wp:featuredmedia":[{"embeddable":true,"href":"https:\/\/www.batiment-formations.fr\/54\/wp-json\/wp\/v2\/media\/154"}],"wp:attachment":[{"href":"https:\/\/www.batiment-formations.fr\/54\/wp-json\/wp\/v2\/media?parent=932"}],"curies":[{"name":"wp","href":"https:\/\/api.w.org\/{rel}","templated":true}]}}