{"id":13,"date":"2021-09-01T09:47:34","date_gmt":"2021-09-01T07:47:34","guid":{"rendered":"https:\/\/www.batiment-formations.fr\/57\/?page_id=13"},"modified":"2022-06-03T12:32:14","modified_gmt":"2022-06-03T10:32:14","slug":"toutes-nos-formations","status":"publish","type":"page","link":"https:\/\/www.batiment-formations.fr\/57\/toutes-nos-formations\/","title":{"rendered":"Toutes nos formations"},"content":{"rendered":"\n<h2 class=\"wp-block-heading\">Les formations b\u00e2timent s\u00e9lectionn\u00e9es par des artisans pour des artisans<\/h2>\n\n\n\n<p>Retrouvez ici des formations adapt\u00e9es aux besoins des entreprises du B\u00e2timent. N\u2019h\u00e9sitez pas \u00e0 nous contacter si vous recherchez une formation non r\u00e9pertori\u00e9e. Nous mettrons tout en \u0153uvre pour trouver la formation que vous recherchez.<\/p>\n","protected":false},"excerpt":{"rendered":"<p>Les formations b\u00e2timent s\u00e9lectionn\u00e9es par des artisans pour des artisans Retrouvez ici des formations adapt\u00e9es aux besoins des entreprises du B\u00e2timent. N\u2019h\u00e9sitez [&hellip;]<\/p>\n","protected":false},"author":1,"featured_media":0,"parent":0,"menu_order":4,"comment_status":"closed","ping_status":"closed","template":"template-formations.php","meta":{"footnotes":""},"class_list":["post-13","page","type-page","status-publish","hentry"],"yoast_head":"<!-- This site is optimized with the Yoast SEO plugin v27.3 - https:\/\/yoast.com\/product\/yoast-seo-wordpress\/ -->\n<title>Toutes nos formations - Moselle | CAPEB Formations<\/title>\n<meta name=\"description\" content=\"Moselle : retrouvez toutes les formations du b\u00e2timent \u00e0 proximit\u00e9 sur le site CAPEB formations !\" \/>\n<meta name=\"robots\" content=\"index, follow, max-snippet:-1, max-image-preview:large, max-video-preview:-1\" \/>\n<link rel=\"canonical\" href=\"https:\/\/www.batiment-formations.fr\/57\/toutes-nos-formations\/\" \/>\n<meta property=\"og:locale\" content=\"fr_FR\" \/>\n<meta property=\"og:type\" content=\"article\" \/>\n<meta property=\"og:title\" content=\"Toutes nos formations - CAPEB Formations Moselle\" \/>\n<meta property=\"og:description\" content=\"Les formations b\u00e2timent s\u00e9lectionn\u00e9es par des artisans pour des artisans Retrouvez ici des formations adapt\u00e9es aux besoins des entreprises du B\u00e2timent. N\u2019h\u00e9sitez [&hellip;]\" \/>\n<meta property=\"og:url\" content=\"https:\/\/www.batiment-formations.fr\/57\/toutes-nos-formations\/\" \/>\n<meta property=\"og:site_name\" content=\"CAPEB Formations Moselle\" \/>\n<meta property=\"article:modified_time\" content=\"2022-06-03T10:32:14+00:00\" \/>\n<meta name=\"twitter:card\" content=\"summary_large_image\" \/>\n<script type=\"application\/ld+json\" class=\"yoast-schema-graph\">{\"@context\":\"https:\\\/\\\/schema.org\",\"@graph\":[{\"@type\":\"WebPage\",\"@id\":\"https:\\\/\\\/www.batiment-formations.fr\\\/57\\\/toutes-nos-formations\\\/\",\"url\":\"https:\\\/\\\/www.batiment-formations.fr\\\/57\\\/toutes-nos-formations\\\/\",\"name\":\"Toutes nos formations - CAPEB Formations Moselle\",\"isPartOf\":{\"@id\":\"https:\\\/\\\/www.batiment-formations.fr\\\/57\\\/#website\"},\"datePublished\":\"2021-09-01T07:47:34+00:00\",\"dateModified\":\"2022-06-03T10:32:14+00:00\",\"breadcrumb\":{\"@id\":\"https:\\\/\\\/www.batiment-formations.fr\\\/57\\\/toutes-nos-formations\\\/#breadcrumb\"},\"inLanguage\":\"fr-FR\",\"potentialAction\":[{\"@type\":\"ReadAction\",\"target\":[\"https:\\\/\\\/www.batiment-formations.fr\\\/57\\\/toutes-nos-formations\\\/\"]}]},{\"@type\":\"BreadcrumbList\",\"@id\":\"https:\\\/\\\/www.batiment-formations.fr\\\/57\\\/toutes-nos-formations\\\/#breadcrumb\",\"itemListElement\":[{\"@type\":\"ListItem\",\"position\":1,\"name\":\"Accueil\",\"item\":\"https:\\\/\\\/www.batiment-formations.fr\\\/57\\\/\"},{\"@type\":\"ListItem\",\"position\":2,\"name\":\"Toutes nos formations\"}]},{\"@type\":\"WebSite\",\"@id\":\"https:\\\/\\\/www.batiment-formations.fr\\\/57\\\/#website\",\"url\":\"https:\\\/\\\/www.batiment-formations.fr\\\/57\\\/\",\"name\":\"CAPEB Formations Moselle\",\"description\":\"\",\"potentialAction\":[{\"@type\":\"SearchAction\",\"target\":{\"@type\":\"EntryPoint\",\"urlTemplate\":\"https:\\\/\\\/www.batiment-formations.fr\\\/57\\\/?s={search_term_string}\"},\"query-input\":{\"@type\":\"PropertyValueSpecification\",\"valueRequired\":true,\"valueName\":\"search_term_string\"}}],\"inLanguage\":\"fr-FR\"},{\"@type\":\"Organization\",\"@id\":\"https:\\\/\\\/www.batiment-formations.fr\\\/57\\\/#Organization\",\"name\":\"CAPEB Formations Moselle\",\"address\":{\"@type\":\"PostalAddress\",\"streetAddress\":\"39 Avenue des 2 Fontaines\",\"addressLocality\":\"Metz\",\"postalCode\":\"57050\",\"addressCountry\":\"FR\"}}]}<\/script>\n<!-- \/ Yoast SEO plugin. -->","yoast_head_json":{"title":"Toutes nos formations - Moselle | CAPEB Formations","description":"Moselle : retrouvez toutes les formations du b\u00e2timent \u00e0 proximit\u00e9 sur le site CAPEB formations !","robots":{"index":"index","follow":"follow","max-snippet":"max-snippet:-1","max-image-preview":"max-image-preview:large","max-video-preview":"max-video-preview:-1"},"canonical":"https:\/\/www.batiment-formations.fr\/57\/toutes-nos-formations\/","og_locale":"fr_FR","og_type":"article","og_title":"Toutes nos formations - CAPEB Formations Moselle","og_description":"Les formations b\u00e2timent s\u00e9lectionn\u00e9es par des artisans pour des artisans Retrouvez ici des formations adapt\u00e9es aux besoins des entreprises du B\u00e2timent. N\u2019h\u00e9sitez [&hellip;]","og_url":"https:\/\/www.batiment-formations.fr\/57\/toutes-nos-formations\/","og_site_name":"CAPEB Formations Moselle","article_modified_time":"2022-06-03T10:32:14+00:00","twitter_card":"summary_large_image","schema":{"@context":"https:\/\/schema.org","@graph":[{"@type":"WebPage","@id":"https:\/\/www.batiment-formations.fr\/57\/toutes-nos-formations\/","url":"https:\/\/www.batiment-formations.fr\/57\/toutes-nos-formations\/","name":"Toutes nos formations - CAPEB Formations Moselle","isPartOf":{"@id":"https:\/\/www.batiment-formations.fr\/57\/#website"},"datePublished":"2021-09-01T07:47:34+00:00","dateModified":"2022-06-03T10:32:14+00:00","breadcrumb":{"@id":"https:\/\/www.batiment-formations.fr\/57\/toutes-nos-formations\/#breadcrumb"},"inLanguage":"fr-FR","potentialAction":[{"@type":"ReadAction","target":["https:\/\/www.batiment-formations.fr\/57\/toutes-nos-formations\/"]}]},{"@type":"BreadcrumbList","@id":"https:\/\/www.batiment-formations.fr\/57\/toutes-nos-formations\/#breadcrumb","itemListElement":[{"@type":"ListItem","position":1,"name":"Accueil","item":"https:\/\/www.batiment-formations.fr\/57\/"},{"@type":"ListItem","position":2,"name":"Toutes nos formations"}]},{"@type":"WebSite","@id":"https:\/\/www.batiment-formations.fr\/57\/#website","url":"https:\/\/www.batiment-formations.fr\/57\/","name":"CAPEB Formations Moselle","description":"","potentialAction":[{"@type":"SearchAction","target":{"@type":"EntryPoint","urlTemplate":"https:\/\/www.batiment-formations.fr\/57\/?s={search_term_string}"},"query-input":{"@type":"PropertyValueSpecification","valueRequired":true,"valueName":"search_term_string"}}],"inLanguage":"fr-FR"},{"@type":"Organization","@id":"https:\/\/www.batiment-formations.fr\/57\/#Organization","name":"CAPEB Formations Moselle","address":{"@type":"PostalAddress","streetAddress":"39 Avenue des 2 Fontaines","addressLocality":"Metz","postalCode":"57050","addressCountry":"FR"}}]}},"_links":{"self":[{"href":"https:\/\/www.batiment-formations.fr\/57\/wp-json\/wp\/v2\/pages\/13","targetHints":{"allow":["GET"]}}],"collection":[{"href":"https:\/\/www.batiment-formations.fr\/57\/wp-json\/wp\/v2\/pages"}],"about":[{"href":"https:\/\/www.batiment-formations.fr\/57\/wp-json\/wp\/v2\/types\/page"}],"author":[{"embeddable":true,"href":"https:\/\/www.batiment-formations.fr\/57\/wp-json\/wp\/v2\/users\/1"}],"replies":[{"embeddable":true,"href":"https:\/\/www.batiment-formations.fr\/57\/wp-json\/wp\/v2\/comments?post=13"}],"version-history":[{"count":2,"href":"https:\/\/www.batiment-formations.fr\/57\/wp-json\/wp\/v2\/pages\/13\/revisions"}],"predecessor-version":[{"id":1372,"href":"https:\/\/www.batiment-formations.fr\/57\/wp-json\/wp\/v2\/pages\/13\/revisions\/1372"}],"wp:attachment":[{"href":"https:\/\/www.batiment-formations.fr\/57\/wp-json\/wp\/v2\/media?parent=13"}],"curies":[{"name":"wp","href":"https:\/\/api.w.org\/{rel}","templated":true}]}}