{"id":59,"date":"2021-09-01T10:50:43","date_gmt":"2021-09-01T08:50:43","guid":{"rendered":"https:\/\/www.batiment-formations.fr\/67\/?page_id=59"},"modified":"2023-09-13T14:38:30","modified_gmt":"2023-09-13T12:38:30","slug":"actualites","status":"publish","type":"page","link":"https:\/\/www.batiment-formations.fr\/67\/actualites\/","title":{"rendered":"Actualit\u00e9s de la CAPEB BAS-RHIN"},"content":{"rendered":"\n<h2 class=\"wp-block-heading\"><\/h2>\n","protected":false},"excerpt":{"rendered":"","protected":false},"author":1,"featured_media":0,"parent":0,"menu_order":0,"comment_status":"closed","ping_status":"closed","template":"template-actus.php","meta":{"footnotes":""},"class_list":["post-59","page","type-page","status-publish","hentry"],"yoast_head":"<!-- This site is optimized with the Yoast SEO plugin v17.2 - https:\/\/yoast.com\/wordpress\/plugins\/seo\/ -->\n<meta name=\"description\" content=\"Retrouvez toutes les actualit\u00e9s de la formation dans le b\u00e2timent dans votre r\u00e9gion avec la CAPEB Bas-Rhin.\" \/>\n<meta name=\"robots\" content=\"index, follow, max-snippet:-1, max-image-preview:large, max-video-preview:-1\" \/>\n<link rel=\"canonical\" href=\"https:\/\/www.batiment-formations.fr\/67\/actualites\/\" \/>\n<meta property=\"og:locale\" content=\"fr_FR\" \/>\n<meta property=\"og:type\" content=\"article\" \/>\n<meta property=\"og:title\" content=\"Actualit\u00e9s de la CAPEB BAS-RHIN - CAPEB Formations Bas-Rhin\" \/>\n<meta property=\"og:url\" content=\"https:\/\/www.batiment-formations.fr\/67\/actualites\/\" \/>\n<meta property=\"og:site_name\" content=\"CAPEB Formations Bas-Rhin\" \/>\n<meta property=\"article:modified_time\" content=\"2023-09-13T12:38:30+00:00\" \/>\n<meta name=\"twitter:card\" content=\"summary_large_image\" \/>\n<meta name=\"twitter:label1\" content=\"Dur\u00e9e de lecture est.\" \/>\n\t<meta name=\"twitter:data1\" content=\"1 minute\" \/>\n<script type=\"application\/ld+json\" class=\"yoast-schema-graph\">{\"@context\":\"https:\/\/schema.org\",\"@graph\":[{\"@type\":\"WebSite\",\"@id\":\"https:\/\/www.batiment-formations.fr\/67\/#website\",\"url\":\"https:\/\/www.batiment-formations.fr\/67\/\",\"name\":\"CAPEB Formations Bas-Rhin\",\"description\":\"\",\"potentialAction\":[{\"@type\":\"SearchAction\",\"target\":{\"@type\":\"EntryPoint\",\"urlTemplate\":\"https:\/\/www.batiment-formations.fr\/67\/?s={search_term_string}\"},\"query-input\":\"required name=search_term_string\"}],\"inLanguage\":\"fr-FR\"},{\"@type\":\"WebPage\",\"@id\":\"https:\/\/www.batiment-formations.fr\/67\/actualites\/#webpage\",\"url\":\"https:\/\/www.batiment-formations.fr\/67\/actualites\/\",\"name\":\"Actualit\\u00e9s de la CAPEB BAS-RHIN - CAPEB Formations Bas-Rhin\",\"isPartOf\":{\"@id\":\"https:\/\/www.batiment-formations.fr\/67\/#website\"},\"datePublished\":\"2021-09-01T08:50:43+00:00\",\"dateModified\":\"2023-09-13T12:38:30+00:00\",\"breadcrumb\":{\"@id\":\"https:\/\/www.batiment-formations.fr\/67\/actualites\/#breadcrumb\"},\"inLanguage\":\"fr-FR\",\"potentialAction\":[{\"@type\":\"ReadAction\",\"target\":[\"https:\/\/www.batiment-formations.fr\/67\/actualites\/\"]}]},{\"@type\":\"BreadcrumbList\",\"@id\":\"https:\/\/www.batiment-formations.fr\/67\/actualites\/#breadcrumb\",\"itemListElement\":[{\"@type\":\"ListItem\",\"position\":1,\"name\":\"Accueil\",\"item\":\"https:\/\/www.batiment-formations.fr\/67\/\"},{\"@type\":\"ListItem\",\"position\":2,\"name\":\"Actualit\\u00e9s de la CAPEB BAS-RHIN\"}]}]}<\/script>\n<!-- \/ Yoast SEO plugin. -->","yoast_head_json":{"description":"Retrouvez toutes les actualit\u00e9s de la formation dans le b\u00e2timent dans votre r\u00e9gion avec la CAPEB Bas-Rhin.","robots":{"index":"index","follow":"follow","max-snippet":"max-snippet:-1","max-image-preview":"max-image-preview:large","max-video-preview":"max-video-preview:-1"},"canonical":"https:\/\/www.batiment-formations.fr\/67\/actualites\/","og_locale":"fr_FR","og_type":"article","og_title":"Actualit\u00e9s de la CAPEB BAS-RHIN - CAPEB Formations Bas-Rhin","og_url":"https:\/\/www.batiment-formations.fr\/67\/actualites\/","og_site_name":"CAPEB Formations Bas-Rhin","article_modified_time":"2023-09-13T12:38:30+00:00","twitter_card":"summary_large_image","twitter_misc":{"Dur\u00e9e de lecture est.":"1 minute"},"schema":{"@context":"https:\/\/schema.org","@graph":[{"@type":"WebSite","@id":"https:\/\/www.batiment-formations.fr\/67\/#website","url":"https:\/\/www.batiment-formations.fr\/67\/","name":"CAPEB Formations Bas-Rhin","description":"","potentialAction":[{"@type":"SearchAction","target":{"@type":"EntryPoint","urlTemplate":"https:\/\/www.batiment-formations.fr\/67\/?s={search_term_string}"},"query-input":"required name=search_term_string"}],"inLanguage":"fr-FR"},{"@type":"WebPage","@id":"https:\/\/www.batiment-formations.fr\/67\/actualites\/#webpage","url":"https:\/\/www.batiment-formations.fr\/67\/actualites\/","name":"Actualit\u00e9s de la CAPEB BAS-RHIN - CAPEB Formations Bas-Rhin","isPartOf":{"@id":"https:\/\/www.batiment-formations.fr\/67\/#website"},"datePublished":"2021-09-01T08:50:43+00:00","dateModified":"2023-09-13T12:38:30+00:00","breadcrumb":{"@id":"https:\/\/www.batiment-formations.fr\/67\/actualites\/#breadcrumb"},"inLanguage":"fr-FR","potentialAction":[{"@type":"ReadAction","target":["https:\/\/www.batiment-formations.fr\/67\/actualites\/"]}]},{"@type":"BreadcrumbList","@id":"https:\/\/www.batiment-formations.fr\/67\/actualites\/#breadcrumb","itemListElement":[{"@type":"ListItem","position":1,"name":"Accueil","item":"https:\/\/www.batiment-formations.fr\/67\/"},{"@type":"ListItem","position":2,"name":"Actualit\u00e9s de la CAPEB BAS-RHIN"}]}]}},"_links":{"self":[{"href":"https:\/\/www.batiment-formations.fr\/67\/wp-json\/wp\/v2\/pages\/59","targetHints":{"allow":["GET"]}}],"collection":[{"href":"https:\/\/www.batiment-formations.fr\/67\/wp-json\/wp\/v2\/pages"}],"about":[{"href":"https:\/\/www.batiment-formations.fr\/67\/wp-json\/wp\/v2\/types\/page"}],"author":[{"embeddable":true,"href":"https:\/\/www.batiment-formations.fr\/67\/wp-json\/wp\/v2\/users\/1"}],"replies":[{"embeddable":true,"href":"https:\/\/www.batiment-formations.fr\/67\/wp-json\/wp\/v2\/comments?post=59"}],"version-history":[{"count":4,"href":"https:\/\/www.batiment-formations.fr\/67\/wp-json\/wp\/v2\/pages\/59\/revisions"}],"predecessor-version":[{"id":1357,"href":"https:\/\/www.batiment-formations.fr\/67\/wp-json\/wp\/v2\/pages\/59\/revisions\/1357"}],"wp:attachment":[{"href":"https:\/\/www.batiment-formations.fr\/67\/wp-json\/wp\/v2\/media?parent=59"}],"curies":[{"name":"wp","href":"https:\/\/api.w.org\/{rel}","templated":true}]}}