{"id":7,"date":"2021-09-01T09:46:27","date_gmt":"2021-09-01T07:46:27","guid":{"rendered":"https:\/\/www.batiment-formations.fr\/71\/?page_id=7"},"modified":"2023-10-02T17:58:41","modified_gmt":"2023-10-02T15:58:41","slug":"notre-accompagnement","status":"publish","type":"page","link":"https:\/\/www.batiment-formations.fr\/71\/notre-accompagnement\/","title":{"rendered":"Notre accompagnement"},"content":{"rendered":"<div class=\"item-faq force-open\" id=\"proximite\">\r\n            <div class=\"question\"><i class=\"icon-proximite\"><\/i> Proximit\u00e9<\/div>\r\n            <div class=\"reponse\"><ul>\n<li><a href=\"https:\/\/www.capeb71.fr\/38-services\/le-service-formation\/\">Le service formation<\/a> de la CAPEB de Sa\u00f4ne-et-Loire est<strong> \u00e0 votre disposition<\/strong> pour toutes vos questions concernant vos projets formation.<\/li>\n<li>Nous vous conseillons sur vos <strong>demandes de prise en charge<\/strong>, <strong>th\u00e8mes<\/strong> de formations, recherche de <strong>formateurs<\/strong> &#8230;<\/li>\n<li>Notre plateforme <strong>batiment-formations.fr<\/strong> vous <strong>facilite vos recherches<\/strong> &#8230; Et si vous avez besoin, nous sommes toujours l\u00e0 \u00e0 vos c\u00f4t\u00e9s.<\/li>\n<li>Vous pouvez nous <strong>contacter par t\u00e9l\u00e9phone, mail, ou venir nous rencontrer \u00e0 la CAPEB 71<\/strong> \u00e0 CHALON-SUR-SA\u00d4NE. Nous vous renseignerons avec plaisir!<\/li>\n<\/ul>\n<\/div>\r\n          <\/div>\n\n<div class=\"item-faq force-open\" id=\"sur-mesure\">\r\n            <div class=\"question\"><i class=\"icon-rules\"><\/i> Sur mesure<\/div>\r\n            <div class=\"reponse\"><p>B\u00e9n\u00e9ficiez d\u2019un <strong>accompagnement personnalis\u00e9<\/strong> de votre conseiller CAPEB sp\u00e9cialis\u00e9 dans le b\u00e2timent.<\/p>\n<p>Le <a href=\"https:\/\/www.capeb71.fr\/38-services\/le-service-formation\/\">service formation CAPEB<\/a> c\u2019est :<br \/>\n\u2022 Trouver la <strong>formation la plus adapt\u00e9e<\/strong> \u00e0 vos besoins ou \u00e0 ceux de vos salari\u00e9s dans tous les domaines : Techniques, R\u00e9glementaires ou de la Gestion de l\u2019entreprise ;<br \/>\n\u2022 La possibilit\u00e9 d\u2019effectuer un <strong>plan de formations<\/strong> vous permettant de <strong>programmer vos formations au meilleur moment pour vous ;<\/strong><br \/>\n\u2022 Des <strong>tarifs n\u00e9goci\u00e9s<\/strong> aupr\u00e8s de centres de formation partenaires ;<br \/>\n\u2022 Un accompagnement <strong>\u00ab cl\u00e9 en main \u00bb :<\/strong> <strong>nous nous occupons de tout<\/strong> ; de la recherche de formation, \u00e0 la demande de financement.<\/p>\n<\/div>\r\n          <\/div>\n\n<div class=\"item-faq force-open\" id=\"prise-en-charge\">\r\n            <div class=\"question\"><i class=\"icon-prise-en-charge\"><\/i> Prise en charge<\/div>\r\n            <div class=\"reponse\"><p>Nous vous renseignons sur les <strong>prises en charge<\/strong> envisageables et nous vous conseillons sur les plus avantageuses. (Constructys, FAFCEA, CPF, P\u00f4le emploi\u2026)<\/p>\n<p>Votre conseill\u00e8re formation se charge de vous <strong>accompagner dans vos d\u00e9marches<\/strong> de demande de prise en charge de votre formation.<\/p>\n<p>&nbsp;<\/p>\n<p>&nbsp;<\/p>\n<\/div>\r\n          <\/div>","protected":false},"excerpt":{"rendered":"","protected":false},"author":1,"featured_media":0,"parent":0,"menu_order":1,"comment_status":"closed","ping_status":"closed","template":"","meta":{"footnotes":""},"class_list":["post-7","page","type-page","status-publish","hentry"],"yoast_head":"<!-- This site is optimized with the Yoast SEO plugin v17.2 - https:\/\/yoast.com\/wordpress\/plugins\/seo\/ -->\n<meta name=\"robots\" content=\"index, follow, max-snippet:-1, max-image-preview:large, max-video-preview:-1\" \/>\n<link rel=\"canonical\" href=\"https:\/\/www.batiment-formations.fr\/71\/notre-accompagnement\/\" \/>\n<meta property=\"og:locale\" content=\"fr_FR\" \/>\n<meta property=\"og:type\" content=\"article\" \/>\n<meta property=\"og:title\" content=\"Notre accompagnement - CAPEB Formations Sa\u00f4ne-et-Loire\" \/>\n<meta property=\"og:url\" content=\"https:\/\/www.batiment-formations.fr\/71\/notre-accompagnement\/\" \/>\n<meta property=\"og:site_name\" content=\"CAPEB Formations Sa\u00f4ne-et-Loire\" \/>\n<meta property=\"article:modified_time\" content=\"2023-10-02T15:58:41+00:00\" \/>\n<meta name=\"twitter:card\" content=\"summary_large_image\" \/>\n<script type=\"application\/ld+json\" class=\"yoast-schema-graph\">{\"@context\":\"https:\/\/schema.org\",\"@graph\":[{\"@type\":\"WebSite\",\"@id\":\"https:\/\/www.batiment-formations.fr\/71\/#website\",\"url\":\"https:\/\/www.batiment-formations.fr\/71\/\",\"name\":\"CAPEB Formations Sa\\u00f4ne-et-Loire\",\"description\":\"\",\"potentialAction\":[{\"@type\":\"SearchAction\",\"target\":{\"@type\":\"EntryPoint\",\"urlTemplate\":\"https:\/\/www.batiment-formations.fr\/71\/?s={search_term_string}\"},\"query-input\":\"required name=search_term_string\"}],\"inLanguage\":\"fr-FR\"},{\"@type\":\"WebPage\",\"@id\":\"https:\/\/www.batiment-formations.fr\/71\/notre-accompagnement\/#webpage\",\"url\":\"https:\/\/www.batiment-formations.fr\/71\/notre-accompagnement\/\",\"name\":\"Notre accompagnement - CAPEB Formations Sa\\u00f4ne-et-Loire\",\"isPartOf\":{\"@id\":\"https:\/\/www.batiment-formations.fr\/71\/#website\"},\"datePublished\":\"2021-09-01T07:46:27+00:00\",\"dateModified\":\"2023-10-02T15:58:41+00:00\",\"breadcrumb\":{\"@id\":\"https:\/\/www.batiment-formations.fr\/71\/notre-accompagnement\/#breadcrumb\"},\"inLanguage\":\"fr-FR\",\"potentialAction\":[{\"@type\":\"ReadAction\",\"target\":[\"https:\/\/www.batiment-formations.fr\/71\/notre-accompagnement\/\"]}]},{\"@type\":\"BreadcrumbList\",\"@id\":\"https:\/\/www.batiment-formations.fr\/71\/notre-accompagnement\/#breadcrumb\",\"itemListElement\":[{\"@type\":\"ListItem\",\"position\":1,\"name\":\"Accueil\",\"item\":\"https:\/\/www.batiment-formations.fr\/71\/\"},{\"@type\":\"ListItem\",\"position\":2,\"name\":\"Notre accompagnement\"}]}]}<\/script>\n<!-- \/ Yoast SEO plugin. -->","yoast_head_json":{"robots":{"index":"index","follow":"follow","max-snippet":"max-snippet:-1","max-image-preview":"max-image-preview:large","max-video-preview":"max-video-preview:-1"},"canonical":"https:\/\/www.batiment-formations.fr\/71\/notre-accompagnement\/","og_locale":"fr_FR","og_type":"article","og_title":"Notre accompagnement - CAPEB Formations Sa\u00f4ne-et-Loire","og_url":"https:\/\/www.batiment-formations.fr\/71\/notre-accompagnement\/","og_site_name":"CAPEB Formations Sa\u00f4ne-et-Loire","article_modified_time":"2023-10-02T15:58:41+00:00","twitter_card":"summary_large_image","schema":{"@context":"https:\/\/schema.org","@graph":[{"@type":"WebSite","@id":"https:\/\/www.batiment-formations.fr\/71\/#website","url":"https:\/\/www.batiment-formations.fr\/71\/","name":"CAPEB Formations Sa\u00f4ne-et-Loire","description":"","potentialAction":[{"@type":"SearchAction","target":{"@type":"EntryPoint","urlTemplate":"https:\/\/www.batiment-formations.fr\/71\/?s={search_term_string}"},"query-input":"required name=search_term_string"}],"inLanguage":"fr-FR"},{"@type":"WebPage","@id":"https:\/\/www.batiment-formations.fr\/71\/notre-accompagnement\/#webpage","url":"https:\/\/www.batiment-formations.fr\/71\/notre-accompagnement\/","name":"Notre accompagnement - CAPEB Formations Sa\u00f4ne-et-Loire","isPartOf":{"@id":"https:\/\/www.batiment-formations.fr\/71\/#website"},"datePublished":"2021-09-01T07:46:27+00:00","dateModified":"2023-10-02T15:58:41+00:00","breadcrumb":{"@id":"https:\/\/www.batiment-formations.fr\/71\/notre-accompagnement\/#breadcrumb"},"inLanguage":"fr-FR","potentialAction":[{"@type":"ReadAction","target":["https:\/\/www.batiment-formations.fr\/71\/notre-accompagnement\/"]}]},{"@type":"BreadcrumbList","@id":"https:\/\/www.batiment-formations.fr\/71\/notre-accompagnement\/#breadcrumb","itemListElement":[{"@type":"ListItem","position":1,"name":"Accueil","item":"https:\/\/www.batiment-formations.fr\/71\/"},{"@type":"ListItem","position":2,"name":"Notre accompagnement"}]}]}},"_links":{"self":[{"href":"https:\/\/www.batiment-formations.fr\/71\/wp-json\/wp\/v2\/pages\/7","targetHints":{"allow":["GET"]}}],"collection":[{"href":"https:\/\/www.batiment-formations.fr\/71\/wp-json\/wp\/v2\/pages"}],"about":[{"href":"https:\/\/www.batiment-formations.fr\/71\/wp-json\/wp\/v2\/types\/page"}],"author":[{"embeddable":true,"href":"https:\/\/www.batiment-formations.fr\/71\/wp-json\/wp\/v2\/users\/1"}],"replies":[{"embeddable":true,"href":"https:\/\/www.batiment-formations.fr\/71\/wp-json\/wp\/v2\/comments?post=7"}],"version-history":[{"count":29,"href":"https:\/\/www.batiment-formations.fr\/71\/wp-json\/wp\/v2\/pages\/7\/revisions"}],"predecessor-version":[{"id":2024,"href":"https:\/\/www.batiment-formations.fr\/71\/wp-json\/wp\/v2\/pages\/7\/revisions\/2024"}],"wp:attachment":[{"href":"https:\/\/www.batiment-formations.fr\/71\/wp-json\/wp\/v2\/media?parent=7"}],"curies":[{"name":"wp","href":"https:\/\/api.w.org\/{rel}","templated":true}]}}