{"id":932,"date":"2021-09-14T13:32:21","date_gmt":"2021-09-14T11:32:21","guid":{"rendered":"https:\/\/www.batiment-formations.fr\/71\/?page_id=932"},"modified":"2023-09-27T14:31:34","modified_gmt":"2023-09-27T12:31:34","slug":"financement","status":"publish","type":"page","link":"https:\/\/www.batiment-formations.fr\/71\/financement\/","title":{"rendered":"Financement"},"content":{"rendered":"\n<p>Quand vous vous formez ou quand vous formez vos salari\u00e9s, vous pouvez b\u00e9n\u00e9ficiez de prises en charges financi\u00e8res par les organismes auxquels vous cotisez : le FAFCEA et CONSTRUCTYS par exemple dans le b\u00e2timent.<\/p>\n\n\n\n<p><strong><a href=\"https:\/\/www.capeb71.fr\/38-services\/le-service-formation\/\">Le Service Formation<\/a><\/strong> de la CAPEB 71 vous conseille et vous accompagne dans vos demandes de prise en charges financi\u00e8res pour vous simplifiez vos d\u00e9marches. <\/p>\n\n\n\n<p><\/p>\n\n\n\n<figure class=\"wp-block-image aligncenter size-large is-resized\"><img loading=\"lazy\" decoding=\"async\" src=\"https:\/\/www.batiment-formations.fr\/71\/wp-content\/uploads\/2023\/09\/FAFCEA-A-1024x487.jpeg\" alt=\"\" class=\"wp-image-1954\" style=\"width:248px;height:118px\" width=\"248\" height=\"118\" srcset=\"https:\/\/www.batiment-formations.fr\/71\/wp-content\/uploads\/2023\/09\/FAFCEA-A-1024x487.jpeg 1024w, https:\/\/www.batiment-formations.fr\/71\/wp-content\/uploads\/2023\/09\/FAFCEA-A-300x143.jpeg 300w, https:\/\/www.batiment-formations.fr\/71\/wp-content\/uploads\/2023\/09\/FAFCEA-A-768x365.jpeg 768w, https:\/\/www.batiment-formations.fr\/71\/wp-content\/uploads\/2023\/09\/FAFCEA-A-1536x730.jpeg 1536w, https:\/\/www.batiment-formations.fr\/71\/wp-content\/uploads\/2023\/09\/FAFCEA-A.jpeg 1616w\" sizes=\"auto, (max-width: 248px) 100vw, 248px\" \/><\/figure>\n\n\n\n<figure class=\"wp-block-image size-large\"><img loading=\"lazy\" decoding=\"async\" width=\"1024\" height=\"950\" src=\"https:\/\/www.batiment-formations.fr\/71\/wp-content\/uploads\/2023\/09\/criteres-FAFCEA-2023-e1695817633338-1024x950.png\" alt=\"\" class=\"wp-image-1969\" srcset=\"https:\/\/www.batiment-formations.fr\/71\/wp-content\/uploads\/2023\/09\/criteres-FAFCEA-2023-e1695817633338-1024x950.png 1024w, https:\/\/www.batiment-formations.fr\/71\/wp-content\/uploads\/2023\/09\/criteres-FAFCEA-2023-e1695817633338-300x278.png 300w, https:\/\/www.batiment-formations.fr\/71\/wp-content\/uploads\/2023\/09\/criteres-FAFCEA-2023-e1695817633338-768x712.png 768w, https:\/\/www.batiment-formations.fr\/71\/wp-content\/uploads\/2023\/09\/criteres-FAFCEA-2023-e1695817633338.png 1383w\" sizes=\"auto, (max-width: 1024px) 100vw, 1024px\" \/><\/figure>\n\n\n\n<figure class=\"wp-block-image aligncenter size-full\"><img loading=\"lazy\" decoding=\"async\" width=\"303\" height=\"167\" src=\"https:\/\/www.batiment-formations.fr\/71\/wp-content\/uploads\/2023\/09\/CONSTRUCTYS.png\" alt=\"\" class=\"wp-image-1953\" srcset=\"https:\/\/www.batiment-formations.fr\/71\/wp-content\/uploads\/2023\/09\/CONSTRUCTYS.png 303w, https:\/\/www.batiment-formations.fr\/71\/wp-content\/uploads\/2023\/09\/CONSTRUCTYS-300x165.png 300w\" sizes=\"auto, (max-width: 303px) 100vw, 303px\" \/><\/figure>\n\n\n\n<figure class=\"wp-block-image aligncenter size-large\"><img loading=\"lazy\" decoding=\"async\" width=\"694\" height=\"1024\" src=\"https:\/\/www.batiment-formations.fr\/71\/wp-content\/uploads\/2023\/09\/criteres-constructys-20232-694x1024.png\" alt=\"\" class=\"wp-image-1968\" srcset=\"https:\/\/www.batiment-formations.fr\/71\/wp-content\/uploads\/2023\/09\/criteres-constructys-20232-694x1024.png 694w, https:\/\/www.batiment-formations.fr\/71\/wp-content\/uploads\/2023\/09\/criteres-constructys-20232-203x300.png 203w, https:\/\/www.batiment-formations.fr\/71\/wp-content\/uploads\/2023\/09\/criteres-constructys-20232-768x1134.png 768w, https:\/\/www.batiment-formations.fr\/71\/wp-content\/uploads\/2023\/09\/criteres-constructys-20232-1041x1536.png 1041w, https:\/\/www.batiment-formations.fr\/71\/wp-content\/uploads\/2023\/09\/criteres-constructys-20232.png 1338w\" sizes=\"auto, (max-width: 694px) 100vw, 694px\" \/><\/figure>\n","protected":false},"excerpt":{"rendered":"<p>Quand vous vous formez ou quand vous formez vos salari\u00e9s, vous pouvez b\u00e9n\u00e9ficiez de prises en charges financi\u00e8res par les organismes auxquels [&hellip;]<\/p>\n","protected":false},"author":1,"featured_media":154,"parent":0,"menu_order":0,"comment_status":"closed","ping_status":"closed","template":"","meta":{"footnotes":""},"class_list":["post-932","page","type-page","status-publish","has-post-thumbnail","hentry"],"yoast_head":"<!-- This site is optimized with the Yoast SEO plugin v17.2 - https:\/\/yoast.com\/wordpress\/plugins\/seo\/ -->\n<meta name=\"robots\" content=\"index, follow, max-snippet:-1, max-image-preview:large, max-video-preview:-1\" \/>\n<link rel=\"canonical\" href=\"https:\/\/www.batiment-formations.fr\/71\/financement\/\" \/>\n<meta property=\"og:locale\" content=\"fr_FR\" \/>\n<meta property=\"og:type\" content=\"article\" \/>\n<meta property=\"og:title\" content=\"Financement - CAPEB Formations Sa\u00f4ne-et-Loire\" \/>\n<meta property=\"og:description\" content=\"Quand vous vous formez ou quand vous formez vos salari\u00e9s, vous pouvez b\u00e9n\u00e9ficiez de prises en charges financi\u00e8res par les organismes auxquels [&hellip;]\" \/>\n<meta property=\"og:url\" content=\"https:\/\/www.batiment-formations.fr\/71\/financement\/\" \/>\n<meta property=\"og:site_name\" content=\"CAPEB Formations Sa\u00f4ne-et-Loire\" \/>\n<meta property=\"article:modified_time\" content=\"2023-09-27T12:31:34+00:00\" \/>\n<meta property=\"og:image\" content=\"https:\/\/www.batiment-formations.fr\/71\/wp-content\/uploads\/2021\/09\/contenu-8.jpg\" \/>\n\t<meta property=\"og:image:width\" content=\"1145\" \/>\n\t<meta property=\"og:image:height\" content=\"663\" \/>\n<meta name=\"twitter:card\" content=\"summary_large_image\" \/>\n<script type=\"application\/ld+json\" class=\"yoast-schema-graph\">{\"@context\":\"https:\/\/schema.org\",\"@graph\":[{\"@type\":\"WebSite\",\"@id\":\"https:\/\/www.batiment-formations.fr\/71\/#website\",\"url\":\"https:\/\/www.batiment-formations.fr\/71\/\",\"name\":\"CAPEB Formations Sa\\u00f4ne-et-Loire\",\"description\":\"\",\"potentialAction\":[{\"@type\":\"SearchAction\",\"target\":{\"@type\":\"EntryPoint\",\"urlTemplate\":\"https:\/\/www.batiment-formations.fr\/71\/?s={search_term_string}\"},\"query-input\":\"required name=search_term_string\"}],\"inLanguage\":\"fr-FR\"},{\"@type\":\"ImageObject\",\"@id\":\"https:\/\/www.batiment-formations.fr\/71\/financement\/#primaryimage\",\"inLanguage\":\"fr-FR\",\"url\":\"https:\/\/www.batiment-formations.fr\/71\/wp-content\/uploads\/2021\/09\/contenu-8.jpg\",\"contentUrl\":\"https:\/\/www.batiment-formations.fr\/71\/wp-content\/uploads\/2021\/09\/contenu-8.jpg\",\"width\":1145,\"height\":663},{\"@type\":\"WebPage\",\"@id\":\"https:\/\/www.batiment-formations.fr\/71\/financement\/#webpage\",\"url\":\"https:\/\/www.batiment-formations.fr\/71\/financement\/\",\"name\":\"Financement - CAPEB Formations Sa\\u00f4ne-et-Loire\",\"isPartOf\":{\"@id\":\"https:\/\/www.batiment-formations.fr\/71\/#website\"},\"primaryImageOfPage\":{\"@id\":\"https:\/\/www.batiment-formations.fr\/71\/financement\/#primaryimage\"},\"datePublished\":\"2021-09-14T11:32:21+00:00\",\"dateModified\":\"2023-09-27T12:31:34+00:00\",\"breadcrumb\":{\"@id\":\"https:\/\/www.batiment-formations.fr\/71\/financement\/#breadcrumb\"},\"inLanguage\":\"fr-FR\",\"potentialAction\":[{\"@type\":\"ReadAction\",\"target\":[\"https:\/\/www.batiment-formations.fr\/71\/financement\/\"]}]},{\"@type\":\"BreadcrumbList\",\"@id\":\"https:\/\/www.batiment-formations.fr\/71\/financement\/#breadcrumb\",\"itemListElement\":[{\"@type\":\"ListItem\",\"position\":1,\"name\":\"Accueil\",\"item\":\"https:\/\/www.batiment-formations.fr\/71\/\"},{\"@type\":\"ListItem\",\"position\":2,\"name\":\"Financement\"}]}]}<\/script>\n<!-- \/ Yoast SEO plugin. -->","yoast_head_json":{"robots":{"index":"index","follow":"follow","max-snippet":"max-snippet:-1","max-image-preview":"max-image-preview:large","max-video-preview":"max-video-preview:-1"},"canonical":"https:\/\/www.batiment-formations.fr\/71\/financement\/","og_locale":"fr_FR","og_type":"article","og_title":"Financement - CAPEB Formations Sa\u00f4ne-et-Loire","og_description":"Quand vous vous formez ou quand vous formez vos salari\u00e9s, vous pouvez b\u00e9n\u00e9ficiez de prises en charges financi\u00e8res par les organismes auxquels [&hellip;]","og_url":"https:\/\/www.batiment-formations.fr\/71\/financement\/","og_site_name":"CAPEB Formations Sa\u00f4ne-et-Loire","article_modified_time":"2023-09-27T12:31:34+00:00","og_image":[{"width":1145,"height":663,"url":"https:\/\/www.batiment-formations.fr\/71\/wp-content\/uploads\/2021\/09\/contenu-8.jpg","path":"\/data\/vhosts\/batiment-formations.fr\/httpdocs\/71\/wp-content\/uploads\/2021\/09\/contenu-8.jpg","size":"full","id":154,"alt":"","pixels":759135,"type":"image\/jpeg"}],"twitter_card":"summary_large_image","schema":{"@context":"https:\/\/schema.org","@graph":[{"@type":"WebSite","@id":"https:\/\/www.batiment-formations.fr\/71\/#website","url":"https:\/\/www.batiment-formations.fr\/71\/","name":"CAPEB Formations Sa\u00f4ne-et-Loire","description":"","potentialAction":[{"@type":"SearchAction","target":{"@type":"EntryPoint","urlTemplate":"https:\/\/www.batiment-formations.fr\/71\/?s={search_term_string}"},"query-input":"required name=search_term_string"}],"inLanguage":"fr-FR"},{"@type":"ImageObject","@id":"https:\/\/www.batiment-formations.fr\/71\/financement\/#primaryimage","inLanguage":"fr-FR","url":"https:\/\/www.batiment-formations.fr\/71\/wp-content\/uploads\/2021\/09\/contenu-8.jpg","contentUrl":"https:\/\/www.batiment-formations.fr\/71\/wp-content\/uploads\/2021\/09\/contenu-8.jpg","width":1145,"height":663},{"@type":"WebPage","@id":"https:\/\/www.batiment-formations.fr\/71\/financement\/#webpage","url":"https:\/\/www.batiment-formations.fr\/71\/financement\/","name":"Financement - CAPEB Formations Sa\u00f4ne-et-Loire","isPartOf":{"@id":"https:\/\/www.batiment-formations.fr\/71\/#website"},"primaryImageOfPage":{"@id":"https:\/\/www.batiment-formations.fr\/71\/financement\/#primaryimage"},"datePublished":"2021-09-14T11:32:21+00:00","dateModified":"2023-09-27T12:31:34+00:00","breadcrumb":{"@id":"https:\/\/www.batiment-formations.fr\/71\/financement\/#breadcrumb"},"inLanguage":"fr-FR","potentialAction":[{"@type":"ReadAction","target":["https:\/\/www.batiment-formations.fr\/71\/financement\/"]}]},{"@type":"BreadcrumbList","@id":"https:\/\/www.batiment-formations.fr\/71\/financement\/#breadcrumb","itemListElement":[{"@type":"ListItem","position":1,"name":"Accueil","item":"https:\/\/www.batiment-formations.fr\/71\/"},{"@type":"ListItem","position":2,"name":"Financement"}]}]}},"_links":{"self":[{"href":"https:\/\/www.batiment-formations.fr\/71\/wp-json\/wp\/v2\/pages\/932","targetHints":{"allow":["GET"]}}],"collection":[{"href":"https:\/\/www.batiment-formations.fr\/71\/wp-json\/wp\/v2\/pages"}],"about":[{"href":"https:\/\/www.batiment-formations.fr\/71\/wp-json\/wp\/v2\/types\/page"}],"author":[{"embeddable":true,"href":"https:\/\/www.batiment-formations.fr\/71\/wp-json\/wp\/v2\/users\/1"}],"replies":[{"embeddable":true,"href":"https:\/\/www.batiment-formations.fr\/71\/wp-json\/wp\/v2\/comments?post=932"}],"version-history":[{"count":13,"href":"https:\/\/www.batiment-formations.fr\/71\/wp-json\/wp\/v2\/pages\/932\/revisions"}],"predecessor-version":[{"id":1970,"href":"https:\/\/www.batiment-formations.fr\/71\/wp-json\/wp\/v2\/pages\/932\/revisions\/1970"}],"wp:featuredmedia":[{"embeddable":true,"href":"https:\/\/www.batiment-formations.fr\/71\/wp-json\/wp\/v2\/media\/154"}],"wp:attachment":[{"href":"https:\/\/www.batiment-formations.fr\/71\/wp-json\/wp\/v2\/media?parent=932"}],"curies":[{"name":"wp","href":"https:\/\/api.w.org\/{rel}","templated":true}]}}