{"id":13,"date":"2021-09-01T09:47:34","date_gmt":"2021-09-01T07:47:34","guid":{"rendered":"https:\/\/www.batiment-formations.fr\/88\/?page_id=13"},"modified":"2025-03-19T10:38:52","modified_gmt":"2025-03-19T09:38:52","slug":"toutes-nos-formations","status":"publish","type":"page","link":"https:\/\/www.batiment-formations.fr\/88\/toutes-nos-formations\/","title":{"rendered":"Toutes nos formations"},"content":{"rendered":"\n<h2 class=\"wp-block-heading\">Les formations b\u00e2timent s\u00e9lectionn\u00e9es par des artisans pour des artisans<\/h2>\n\n\n\n<p>Retrouvez ici des formations adapt\u00e9es aux besoins des entreprises du B\u00e2timent. <\/p>\n\n\n\n<p>N\u2019h\u00e9sitez pas \u00e0 nous contacter si vous recherchez une formation non r\u00e9pertori\u00e9e. <\/p>\n\n\n\n<p><strong>Nous mettrons tout en \u0153uvre pour trouver la formation qui r\u00e9pond \u00e0 vos besoins !<\/strong><\/p>\n","protected":false},"excerpt":{"rendered":"<p>Les formations b\u00e2timent s\u00e9lectionn\u00e9es par des artisans pour des artisans Retrouvez ici des formations adapt\u00e9es aux besoins des entreprises du B\u00e2timent. N\u2019h\u00e9sitez [&hellip;]<\/p>\n","protected":false},"author":1,"featured_media":0,"parent":0,"menu_order":4,"comment_status":"closed","ping_status":"closed","template":"template-formations.php","meta":{"footnotes":""},"class_list":["post-13","page","type-page","status-publish","hentry"],"yoast_head":"<!-- This site is optimized with the Yoast SEO plugin v17.2 - https:\/\/yoast.com\/wordpress\/plugins\/seo\/ -->\n<meta name=\"description\" content=\"Vosges : retrouvez toutes les formations du b\u00e2timent \u00e0 proximit\u00e9 sur le site CAPEB formations !\" \/>\n<meta name=\"robots\" content=\"index, follow, max-snippet:-1, max-image-preview:large, max-video-preview:-1\" \/>\n<link rel=\"canonical\" href=\"https:\/\/www.batiment-formations.fr\/88\/toutes-nos-formations\/\" \/>\n<meta property=\"og:locale\" content=\"fr_FR\" \/>\n<meta property=\"og:type\" content=\"article\" \/>\n<meta property=\"og:title\" content=\"Toutes nos formations - CAPEB Formations Vosges\" \/>\n<meta property=\"og:description\" content=\"Les formations b\u00e2timent s\u00e9lectionn\u00e9es par des artisans pour des artisans Retrouvez ici des formations adapt\u00e9es aux besoins des entreprises du B\u00e2timent. N\u2019h\u00e9sitez [&hellip;]\" \/>\n<meta property=\"og:url\" content=\"https:\/\/www.batiment-formations.fr\/88\/toutes-nos-formations\/\" \/>\n<meta property=\"og:site_name\" content=\"CAPEB Formations Vosges\" \/>\n<meta property=\"article:modified_time\" content=\"2025-03-19T09:38:52+00:00\" \/>\n<meta name=\"twitter:card\" content=\"summary_large_image\" \/>\n<meta name=\"twitter:label1\" content=\"Dur\u00e9e de lecture est.\" \/>\n\t<meta name=\"twitter:data1\" content=\"1 minute\" \/>\n<script type=\"application\/ld+json\" class=\"yoast-schema-graph\">{\"@context\":\"https:\/\/schema.org\",\"@graph\":[{\"@type\":\"WebSite\",\"@id\":\"https:\/\/www.batiment-formations.fr\/88\/#website\",\"url\":\"https:\/\/www.batiment-formations.fr\/88\/\",\"name\":\"CAPEB Formations Vosges\",\"description\":\"\",\"potentialAction\":[{\"@type\":\"SearchAction\",\"target\":{\"@type\":\"EntryPoint\",\"urlTemplate\":\"https:\/\/www.batiment-formations.fr\/88\/?s={search_term_string}\"},\"query-input\":\"required name=search_term_string\"}],\"inLanguage\":\"fr-FR\"},{\"@type\":\"WebPage\",\"@id\":\"https:\/\/www.batiment-formations.fr\/88\/toutes-nos-formations\/#webpage\",\"url\":\"https:\/\/www.batiment-formations.fr\/88\/toutes-nos-formations\/\",\"name\":\"Toutes nos formations - CAPEB Formations Vosges\",\"isPartOf\":{\"@id\":\"https:\/\/www.batiment-formations.fr\/88\/#website\"},\"datePublished\":\"2021-09-01T07:47:34+00:00\",\"dateModified\":\"2025-03-19T09:38:52+00:00\",\"breadcrumb\":{\"@id\":\"https:\/\/www.batiment-formations.fr\/88\/toutes-nos-formations\/#breadcrumb\"},\"inLanguage\":\"fr-FR\",\"potentialAction\":[{\"@type\":\"ReadAction\",\"target\":[\"https:\/\/www.batiment-formations.fr\/88\/toutes-nos-formations\/\"]}]},{\"@type\":\"BreadcrumbList\",\"@id\":\"https:\/\/www.batiment-formations.fr\/88\/toutes-nos-formations\/#breadcrumb\",\"itemListElement\":[{\"@type\":\"ListItem\",\"position\":1,\"name\":\"Accueil\",\"item\":\"https:\/\/www.batiment-formations.fr\/88\/\"},{\"@type\":\"ListItem\",\"position\":2,\"name\":\"Toutes nos formations\"}]}]}<\/script>\n<!-- \/ Yoast SEO plugin. -->","yoast_head_json":{"description":"Vosges : retrouvez toutes les formations du b\u00e2timent \u00e0 proximit\u00e9 sur le site CAPEB formations !","robots":{"index":"index","follow":"follow","max-snippet":"max-snippet:-1","max-image-preview":"max-image-preview:large","max-video-preview":"max-video-preview:-1"},"canonical":"https:\/\/www.batiment-formations.fr\/88\/toutes-nos-formations\/","og_locale":"fr_FR","og_type":"article","og_title":"Toutes nos formations - CAPEB Formations Vosges","og_description":"Les formations b\u00e2timent s\u00e9lectionn\u00e9es par des artisans pour des artisans Retrouvez ici des formations adapt\u00e9es aux besoins des entreprises du B\u00e2timent. N\u2019h\u00e9sitez [&hellip;]","og_url":"https:\/\/www.batiment-formations.fr\/88\/toutes-nos-formations\/","og_site_name":"CAPEB Formations Vosges","article_modified_time":"2025-03-19T09:38:52+00:00","twitter_card":"summary_large_image","twitter_misc":{"Dur\u00e9e de lecture est.":"1 minute"},"schema":{"@context":"https:\/\/schema.org","@graph":[{"@type":"WebSite","@id":"https:\/\/www.batiment-formations.fr\/88\/#website","url":"https:\/\/www.batiment-formations.fr\/88\/","name":"CAPEB Formations Vosges","description":"","potentialAction":[{"@type":"SearchAction","target":{"@type":"EntryPoint","urlTemplate":"https:\/\/www.batiment-formations.fr\/88\/?s={search_term_string}"},"query-input":"required name=search_term_string"}],"inLanguage":"fr-FR"},{"@type":"WebPage","@id":"https:\/\/www.batiment-formations.fr\/88\/toutes-nos-formations\/#webpage","url":"https:\/\/www.batiment-formations.fr\/88\/toutes-nos-formations\/","name":"Toutes nos formations - CAPEB Formations Vosges","isPartOf":{"@id":"https:\/\/www.batiment-formations.fr\/88\/#website"},"datePublished":"2021-09-01T07:47:34+00:00","dateModified":"2025-03-19T09:38:52+00:00","breadcrumb":{"@id":"https:\/\/www.batiment-formations.fr\/88\/toutes-nos-formations\/#breadcrumb"},"inLanguage":"fr-FR","potentialAction":[{"@type":"ReadAction","target":["https:\/\/www.batiment-formations.fr\/88\/toutes-nos-formations\/"]}]},{"@type":"BreadcrumbList","@id":"https:\/\/www.batiment-formations.fr\/88\/toutes-nos-formations\/#breadcrumb","itemListElement":[{"@type":"ListItem","position":1,"name":"Accueil","item":"https:\/\/www.batiment-formations.fr\/88\/"},{"@type":"ListItem","position":2,"name":"Toutes nos formations"}]}]}},"_links":{"self":[{"href":"https:\/\/www.batiment-formations.fr\/88\/wp-json\/wp\/v2\/pages\/13","targetHints":{"allow":["GET"]}}],"collection":[{"href":"https:\/\/www.batiment-formations.fr\/88\/wp-json\/wp\/v2\/pages"}],"about":[{"href":"https:\/\/www.batiment-formations.fr\/88\/wp-json\/wp\/v2\/types\/page"}],"author":[{"embeddable":true,"href":"https:\/\/www.batiment-formations.fr\/88\/wp-json\/wp\/v2\/users\/1"}],"replies":[{"embeddable":true,"href":"https:\/\/www.batiment-formations.fr\/88\/wp-json\/wp\/v2\/comments?post=13"}],"version-history":[{"count":3,"href":"https:\/\/www.batiment-formations.fr\/88\/wp-json\/wp\/v2\/pages\/13\/revisions"}],"predecessor-version":[{"id":1698,"href":"https:\/\/www.batiment-formations.fr\/88\/wp-json\/wp\/v2\/pages\/13\/revisions\/1698"}],"wp:attachment":[{"href":"https:\/\/www.batiment-formations.fr\/88\/wp-json\/wp\/v2\/media?parent=13"}],"curies":[{"name":"wp","href":"https:\/\/api.w.org\/{rel}","templated":true}]}}