{"id":7,"date":"2021-09-01T09:46:27","date_gmt":"2021-09-01T07:46:27","guid":{"rendered":"https:\/\/www.batiment-formations.fr\/88\/?page_id=7"},"modified":"2025-03-25T14:58:32","modified_gmt":"2025-03-25T13:58:32","slug":"notre-accompagnement","status":"publish","type":"page","link":"https:\/\/www.batiment-formations.fr\/88\/notre-accompagnement\/","title":{"rendered":"Notre accompagnement"},"content":{"rendered":"<div class=\"item-faq force-open\" id=\"Proximite\">\r\n            <div class=\"question\"><i class=\"icon-proximite\"><\/i> Proximit\u00e9<\/div>\r\n            <div class=\"reponse\"><p>Avec le service formation de la Capeb, profitez d\u2019un <strong>interlocuteur unique<\/strong> pour toutes vos demandes. N\u2019hesitez pas \u00e0 solliciter le conseiller en formation de votre d\u00e9partement par t\u00e9l\u00e9phone, par mail, ou directement sur place ; il saura<strong> s\u2019adapter \u00e0 vos besoins et votre emploi du temps.<\/strong><\/p>\n<\/div>\r\n          <\/div>\n\n<div class=\"item-faq force-open\" id=\"sur-mesure\">\r\n            <div class=\"question\"><i class=\"icon-rules\"><\/i> Sur mesure<\/div>\r\n            <div class=\"reponse\"><p>B\u00e9n\u00e9ficiez d\u2019un accompagnement personnalis\u00e9 de votre conseiller CAPEB sp\u00e9cialis\u00e9 dans le b\u00e2timent.<\/p>\n<p>Le service formation CAPEB c\u2019est :<\/p>\n<ul>\n<li>Trouver la <strong>formation la plus adapt\u00e9e<\/strong> \u00e0 vos besoins ou \u00e0 ceux de vos salari\u00e9s dans tous les domaines : Techniques, R\u00e9glementaires ou la Gestion de l\u2019entreprise<\/li>\n<li>La possibilit\u00e9 d\u2019effectuer un plan de formations vous permettant de <strong>programmer vos formations au meilleur moment pour vous<\/strong><\/li>\n<li>Des tarifs n\u00e9goci\u00e9s aupr\u00e8s de centres de formation partenaires<\/li>\n<li>Un accompagnement \u00ab cl\u00e9 en main \u00bb : <strong>nous nous occupons de tout <\/strong>(de la recherche de formation, \u00e0 la demande de financement)<\/li>\n<\/ul>\n<\/div>\r\n          <\/div>\n\n<div class=\"item-faq force-open\" id=\"prise-en-charge\">\r\n            <div class=\"question\"><i class=\"icon-prise-en-charge\"><\/i> Prise en charge<\/div>\r\n            <div class=\"reponse\"><p>Nous vous renseignons sur les prises en charge envisageables et nous vous conseillons sur les plus avantageuses. (Constructys, FAFCEA, CPF, P\u00f4le emploi\u2026)<\/p>\n<p>Votre conseiller formation CAPEB se charge des formalit\u00e9s administratives relatives \u00e0 la prise en charge de votre formation.<\/p>\n<p>&nbsp;<\/p>\n<p><strong>Contacter nous pour plus de renseignements :<\/strong><\/p>\n<p>MIETTE Olivia<\/p>\n<p>info@capeb88.fr<\/p>\n<p>03.29.31.38.39<\/p>\n<\/div>\r\n          <\/div>","protected":false},"excerpt":{"rendered":"","protected":false},"author":1,"featured_media":0,"parent":0,"menu_order":1,"comment_status":"closed","ping_status":"closed","template":"","meta":{"footnotes":""},"class_list":["post-7","page","type-page","status-publish","hentry"],"yoast_head":"<!-- This site is optimized with the Yoast SEO plugin v17.2 - https:\/\/yoast.com\/wordpress\/plugins\/seo\/ -->\n<meta name=\"robots\" content=\"index, follow, max-snippet:-1, max-image-preview:large, max-video-preview:-1\" \/>\n<link rel=\"canonical\" href=\"https:\/\/www.batiment-formations.fr\/88\/notre-accompagnement\/\" \/>\n<meta property=\"og:locale\" content=\"fr_FR\" \/>\n<meta property=\"og:type\" content=\"article\" \/>\n<meta property=\"og:title\" content=\"Notre accompagnement - CAPEB Formations Vosges\" \/>\n<meta property=\"og:url\" content=\"https:\/\/www.batiment-formations.fr\/88\/notre-accompagnement\/\" \/>\n<meta property=\"og:site_name\" content=\"CAPEB Formations Vosges\" \/>\n<meta property=\"article:modified_time\" content=\"2025-03-25T13:58:32+00:00\" \/>\n<meta name=\"twitter:card\" content=\"summary_large_image\" \/>\n<script type=\"application\/ld+json\" class=\"yoast-schema-graph\">{\"@context\":\"https:\/\/schema.org\",\"@graph\":[{\"@type\":\"WebSite\",\"@id\":\"https:\/\/www.batiment-formations.fr\/88\/#website\",\"url\":\"https:\/\/www.batiment-formations.fr\/88\/\",\"name\":\"CAPEB Formations Vosges\",\"description\":\"\",\"potentialAction\":[{\"@type\":\"SearchAction\",\"target\":{\"@type\":\"EntryPoint\",\"urlTemplate\":\"https:\/\/www.batiment-formations.fr\/88\/?s={search_term_string}\"},\"query-input\":\"required name=search_term_string\"}],\"inLanguage\":\"fr-FR\"},{\"@type\":\"WebPage\",\"@id\":\"https:\/\/www.batiment-formations.fr\/88\/notre-accompagnement\/#webpage\",\"url\":\"https:\/\/www.batiment-formations.fr\/88\/notre-accompagnement\/\",\"name\":\"Notre accompagnement - CAPEB Formations Vosges\",\"isPartOf\":{\"@id\":\"https:\/\/www.batiment-formations.fr\/88\/#website\"},\"datePublished\":\"2021-09-01T07:46:27+00:00\",\"dateModified\":\"2025-03-25T13:58:32+00:00\",\"breadcrumb\":{\"@id\":\"https:\/\/www.batiment-formations.fr\/88\/notre-accompagnement\/#breadcrumb\"},\"inLanguage\":\"fr-FR\",\"potentialAction\":[{\"@type\":\"ReadAction\",\"target\":[\"https:\/\/www.batiment-formations.fr\/88\/notre-accompagnement\/\"]}]},{\"@type\":\"BreadcrumbList\",\"@id\":\"https:\/\/www.batiment-formations.fr\/88\/notre-accompagnement\/#breadcrumb\",\"itemListElement\":[{\"@type\":\"ListItem\",\"position\":1,\"name\":\"Accueil\",\"item\":\"https:\/\/www.batiment-formations.fr\/88\/\"},{\"@type\":\"ListItem\",\"position\":2,\"name\":\"Notre accompagnement\"}]}]}<\/script>\n<!-- \/ Yoast SEO plugin. -->","yoast_head_json":{"robots":{"index":"index","follow":"follow","max-snippet":"max-snippet:-1","max-image-preview":"max-image-preview:large","max-video-preview":"max-video-preview:-1"},"canonical":"https:\/\/www.batiment-formations.fr\/88\/notre-accompagnement\/","og_locale":"fr_FR","og_type":"article","og_title":"Notre accompagnement - CAPEB Formations Vosges","og_url":"https:\/\/www.batiment-formations.fr\/88\/notre-accompagnement\/","og_site_name":"CAPEB Formations Vosges","article_modified_time":"2025-03-25T13:58:32+00:00","twitter_card":"summary_large_image","schema":{"@context":"https:\/\/schema.org","@graph":[{"@type":"WebSite","@id":"https:\/\/www.batiment-formations.fr\/88\/#website","url":"https:\/\/www.batiment-formations.fr\/88\/","name":"CAPEB Formations Vosges","description":"","potentialAction":[{"@type":"SearchAction","target":{"@type":"EntryPoint","urlTemplate":"https:\/\/www.batiment-formations.fr\/88\/?s={search_term_string}"},"query-input":"required name=search_term_string"}],"inLanguage":"fr-FR"},{"@type":"WebPage","@id":"https:\/\/www.batiment-formations.fr\/88\/notre-accompagnement\/#webpage","url":"https:\/\/www.batiment-formations.fr\/88\/notre-accompagnement\/","name":"Notre accompagnement - CAPEB Formations Vosges","isPartOf":{"@id":"https:\/\/www.batiment-formations.fr\/88\/#website"},"datePublished":"2021-09-01T07:46:27+00:00","dateModified":"2025-03-25T13:58:32+00:00","breadcrumb":{"@id":"https:\/\/www.batiment-formations.fr\/88\/notre-accompagnement\/#breadcrumb"},"inLanguage":"fr-FR","potentialAction":[{"@type":"ReadAction","target":["https:\/\/www.batiment-formations.fr\/88\/notre-accompagnement\/"]}]},{"@type":"BreadcrumbList","@id":"https:\/\/www.batiment-formations.fr\/88\/notre-accompagnement\/#breadcrumb","itemListElement":[{"@type":"ListItem","position":1,"name":"Accueil","item":"https:\/\/www.batiment-formations.fr\/88\/"},{"@type":"ListItem","position":2,"name":"Notre accompagnement"}]}]}},"_links":{"self":[{"href":"https:\/\/www.batiment-formations.fr\/88\/wp-json\/wp\/v2\/pages\/7","targetHints":{"allow":["GET"]}}],"collection":[{"href":"https:\/\/www.batiment-formations.fr\/88\/wp-json\/wp\/v2\/pages"}],"about":[{"href":"https:\/\/www.batiment-formations.fr\/88\/wp-json\/wp\/v2\/types\/page"}],"author":[{"embeddable":true,"href":"https:\/\/www.batiment-formations.fr\/88\/wp-json\/wp\/v2\/users\/1"}],"replies":[{"embeddable":true,"href":"https:\/\/www.batiment-formations.fr\/88\/wp-json\/wp\/v2\/comments?post=7"}],"version-history":[{"count":21,"href":"https:\/\/www.batiment-formations.fr\/88\/wp-json\/wp\/v2\/pages\/7\/revisions"}],"predecessor-version":[{"id":1762,"href":"https:\/\/www.batiment-formations.fr\/88\/wp-json\/wp\/v2\/pages\/7\/revisions\/1762"}],"wp:attachment":[{"href":"https:\/\/www.batiment-formations.fr\/88\/wp-json\/wp\/v2\/media?parent=7"}],"curies":[{"name":"wp","href":"https:\/\/api.w.org\/{rel}","templated":true}]}}