{"id":932,"date":"2021-09-14T13:32:21","date_gmt":"2021-09-14T11:32:21","guid":{"rendered":"https:\/\/www.batiment-formations.fr\/88\/?page_id=932"},"modified":"2023-09-22T09:21:31","modified_gmt":"2023-09-22T07:21:31","slug":"financement","status":"publish","type":"page","link":"https:\/\/www.batiment-formations.fr\/88\/financement\/","title":{"rendered":"Financement"},"content":{"rendered":"\n<p>La CAPEB r\u00e9alise pour vous vous demandes de prise en charge et de remboursement aupr\u00e8s des organismes (Constructys, Fafcea).<\/p>\n\n\n\n<p>Forte de son ancrage territorial et de son expertise aupr\u00e8s des entreprises du b\u00e2timent, la CAPEB a exerc\u00e9 pendant plusieurs d\u00e9cennies les missions d\u00e9l\u00e9gu\u00e9es par le FAFSAB puis par I\u2019OPCA Constructys visant au d\u00e9veloppement de la formation de leurs salari\u00e9s du b\u00e2timent aupr\u00e8s des entreprises ressortissantes de l\u2019OPCO. Elle fait le choix de d\u00e9fendre tout particuli\u00e8rement les int\u00e9r\u00eats des entreprises artisanales et des TPE du b\u00e2timent.&nbsp;<\/p>\n\n\n\n<p>La CAPEB, qui conseille et accompagne quotidiennement 60 000 adh\u00e9rents, est donc un acteur essentiel dans le d\u00e9veloppement de l\u2019activit\u00e9 des entreprises qu\u2019elle repr\u00e9sente et dans la mont\u00e9e en comp\u00e9tences de leurs salari\u00e9s.&nbsp;<\/p>\n\n\n\n<p>Son action s\u2019inscrit donc en totale compl\u00e9mentarit\u00e9 des actions mises en oeuvre par l\u2019Op\u00e9rateur de comp\u00e9tences Constructys permettant le d\u00e9veloppement des d\u00e9parts en formation des salari\u00e9s.&nbsp;<\/p>\n\n\n\n<p><strong>Rapprochez-vous de votre CAPEB D\u00e9partementale qui sera la plus \u00e0 m\u00eame de vous indiquer quel financer solliciter et surtout comment optimiser le financement de votre action de formation !<\/strong><\/p>\n\n\n\n<p><\/p>\n\n\n\n<p><\/p>\n","protected":false},"excerpt":{"rendered":"<p>La CAPEB r\u00e9alise pour vous vous demandes de prise en charge et de remboursement aupr\u00e8s des organismes (Constructys, Fafcea). Forte de son [&hellip;]<\/p>\n","protected":false},"author":1,"featured_media":154,"parent":0,"menu_order":0,"comment_status":"closed","ping_status":"closed","template":"","meta":{"footnotes":""},"class_list":["post-932","page","type-page","status-publish","has-post-thumbnail","hentry"],"yoast_head":"<!-- This site is optimized with the Yoast SEO plugin v17.2 - https:\/\/yoast.com\/wordpress\/plugins\/seo\/ -->\n<meta name=\"robots\" content=\"index, follow, max-snippet:-1, max-image-preview:large, max-video-preview:-1\" \/>\n<link rel=\"canonical\" href=\"https:\/\/www.batiment-formations.fr\/88\/financement\/\" \/>\n<meta property=\"og:locale\" content=\"fr_FR\" \/>\n<meta property=\"og:type\" content=\"article\" \/>\n<meta property=\"og:title\" content=\"Financement - CAPEB Formations Vosges\" \/>\n<meta property=\"og:description\" content=\"La CAPEB r\u00e9alise pour vous vous demandes de prise en charge et de remboursement aupr\u00e8s des organismes (Constructys, Fafcea). Forte de son [&hellip;]\" \/>\n<meta property=\"og:url\" content=\"https:\/\/www.batiment-formations.fr\/88\/financement\/\" \/>\n<meta property=\"og:site_name\" content=\"CAPEB Formations Vosges\" \/>\n<meta property=\"article:modified_time\" content=\"2023-09-22T07:21:31+00:00\" \/>\n<meta property=\"og:image\" content=\"https:\/\/www.batiment-formations.fr\/88\/wp-content\/uploads\/2021\/09\/contenu-8.jpg\" \/>\n\t<meta property=\"og:image:width\" content=\"1145\" \/>\n\t<meta property=\"og:image:height\" content=\"663\" \/>\n<meta name=\"twitter:card\" content=\"summary_large_image\" \/>\n<meta name=\"twitter:label1\" content=\"Dur\u00e9e de lecture est.\" \/>\n\t<meta name=\"twitter:data1\" content=\"1 minute\" \/>\n<script type=\"application\/ld+json\" class=\"yoast-schema-graph\">{\"@context\":\"https:\/\/schema.org\",\"@graph\":[{\"@type\":\"WebSite\",\"@id\":\"https:\/\/www.batiment-formations.fr\/88\/#website\",\"url\":\"https:\/\/www.batiment-formations.fr\/88\/\",\"name\":\"CAPEB Formations Vosges\",\"description\":\"\",\"potentialAction\":[{\"@type\":\"SearchAction\",\"target\":{\"@type\":\"EntryPoint\",\"urlTemplate\":\"https:\/\/www.batiment-formations.fr\/88\/?s={search_term_string}\"},\"query-input\":\"required name=search_term_string\"}],\"inLanguage\":\"fr-FR\"},{\"@type\":\"ImageObject\",\"@id\":\"https:\/\/www.batiment-formations.fr\/88\/financement\/#primaryimage\",\"inLanguage\":\"fr-FR\",\"url\":\"https:\/\/www.batiment-formations.fr\/88\/wp-content\/uploads\/2021\/09\/contenu-8.jpg\",\"contentUrl\":\"https:\/\/www.batiment-formations.fr\/88\/wp-content\/uploads\/2021\/09\/contenu-8.jpg\",\"width\":1145,\"height\":663},{\"@type\":\"WebPage\",\"@id\":\"https:\/\/www.batiment-formations.fr\/88\/financement\/#webpage\",\"url\":\"https:\/\/www.batiment-formations.fr\/88\/financement\/\",\"name\":\"Financement - CAPEB Formations Vosges\",\"isPartOf\":{\"@id\":\"https:\/\/www.batiment-formations.fr\/88\/#website\"},\"primaryImageOfPage\":{\"@id\":\"https:\/\/www.batiment-formations.fr\/88\/financement\/#primaryimage\"},\"datePublished\":\"2021-09-14T11:32:21+00:00\",\"dateModified\":\"2023-09-22T07:21:31+00:00\",\"breadcrumb\":{\"@id\":\"https:\/\/www.batiment-formations.fr\/88\/financement\/#breadcrumb\"},\"inLanguage\":\"fr-FR\",\"potentialAction\":[{\"@type\":\"ReadAction\",\"target\":[\"https:\/\/www.batiment-formations.fr\/88\/financement\/\"]}]},{\"@type\":\"BreadcrumbList\",\"@id\":\"https:\/\/www.batiment-formations.fr\/88\/financement\/#breadcrumb\",\"itemListElement\":[{\"@type\":\"ListItem\",\"position\":1,\"name\":\"Accueil\",\"item\":\"https:\/\/www.batiment-formations.fr\/88\/\"},{\"@type\":\"ListItem\",\"position\":2,\"name\":\"Financement\"}]}]}<\/script>\n<!-- \/ Yoast SEO plugin. -->","yoast_head_json":{"robots":{"index":"index","follow":"follow","max-snippet":"max-snippet:-1","max-image-preview":"max-image-preview:large","max-video-preview":"max-video-preview:-1"},"canonical":"https:\/\/www.batiment-formations.fr\/88\/financement\/","og_locale":"fr_FR","og_type":"article","og_title":"Financement - CAPEB Formations Vosges","og_description":"La CAPEB r\u00e9alise pour vous vous demandes de prise en charge et de remboursement aupr\u00e8s des organismes (Constructys, Fafcea). Forte de son [&hellip;]","og_url":"https:\/\/www.batiment-formations.fr\/88\/financement\/","og_site_name":"CAPEB Formations Vosges","article_modified_time":"2023-09-22T07:21:31+00:00","og_image":[{"width":1145,"height":663,"url":"https:\/\/www.batiment-formations.fr\/88\/wp-content\/uploads\/2021\/09\/contenu-8.jpg","path":"\/data\/vhosts\/batiment-formations.fr\/httpdocs\/88\/wp-content\/uploads\/2021\/09\/contenu-8.jpg","size":"full","id":154,"alt":"","pixels":759135,"type":"image\/jpeg"}],"twitter_card":"summary_large_image","twitter_misc":{"Dur\u00e9e de lecture est.":"1 minute"},"schema":{"@context":"https:\/\/schema.org","@graph":[{"@type":"WebSite","@id":"https:\/\/www.batiment-formations.fr\/88\/#website","url":"https:\/\/www.batiment-formations.fr\/88\/","name":"CAPEB Formations Vosges","description":"","potentialAction":[{"@type":"SearchAction","target":{"@type":"EntryPoint","urlTemplate":"https:\/\/www.batiment-formations.fr\/88\/?s={search_term_string}"},"query-input":"required name=search_term_string"}],"inLanguage":"fr-FR"},{"@type":"ImageObject","@id":"https:\/\/www.batiment-formations.fr\/88\/financement\/#primaryimage","inLanguage":"fr-FR","url":"https:\/\/www.batiment-formations.fr\/88\/wp-content\/uploads\/2021\/09\/contenu-8.jpg","contentUrl":"https:\/\/www.batiment-formations.fr\/88\/wp-content\/uploads\/2021\/09\/contenu-8.jpg","width":1145,"height":663},{"@type":"WebPage","@id":"https:\/\/www.batiment-formations.fr\/88\/financement\/#webpage","url":"https:\/\/www.batiment-formations.fr\/88\/financement\/","name":"Financement - CAPEB Formations Vosges","isPartOf":{"@id":"https:\/\/www.batiment-formations.fr\/88\/#website"},"primaryImageOfPage":{"@id":"https:\/\/www.batiment-formations.fr\/88\/financement\/#primaryimage"},"datePublished":"2021-09-14T11:32:21+00:00","dateModified":"2023-09-22T07:21:31+00:00","breadcrumb":{"@id":"https:\/\/www.batiment-formations.fr\/88\/financement\/#breadcrumb"},"inLanguage":"fr-FR","potentialAction":[{"@type":"ReadAction","target":["https:\/\/www.batiment-formations.fr\/88\/financement\/"]}]},{"@type":"BreadcrumbList","@id":"https:\/\/www.batiment-formations.fr\/88\/financement\/#breadcrumb","itemListElement":[{"@type":"ListItem","position":1,"name":"Accueil","item":"https:\/\/www.batiment-formations.fr\/88\/"},{"@type":"ListItem","position":2,"name":"Financement"}]}]}},"_links":{"self":[{"href":"https:\/\/www.batiment-formations.fr\/88\/wp-json\/wp\/v2\/pages\/932","targetHints":{"allow":["GET"]}}],"collection":[{"href":"https:\/\/www.batiment-formations.fr\/88\/wp-json\/wp\/v2\/pages"}],"about":[{"href":"https:\/\/www.batiment-formations.fr\/88\/wp-json\/wp\/v2\/types\/page"}],"author":[{"embeddable":true,"href":"https:\/\/www.batiment-formations.fr\/88\/wp-json\/wp\/v2\/users\/1"}],"replies":[{"embeddable":true,"href":"https:\/\/www.batiment-formations.fr\/88\/wp-json\/wp\/v2\/comments?post=932"}],"version-history":[{"count":11,"href":"https:\/\/www.batiment-formations.fr\/88\/wp-json\/wp\/v2\/pages\/932\/revisions"}],"predecessor-version":[{"id":1534,"href":"https:\/\/www.batiment-formations.fr\/88\/wp-json\/wp\/v2\/pages\/932\/revisions\/1534"}],"wp:featuredmedia":[{"embeddable":true,"href":"https:\/\/www.batiment-formations.fr\/88\/wp-json\/wp\/v2\/media\/154"}],"wp:attachment":[{"href":"https:\/\/www.batiment-formations.fr\/88\/wp-json\/wp\/v2\/media?parent=932"}],"curies":[{"name":"wp","href":"https:\/\/api.w.org\/{rel}","templated":true}]}}